{"id":362,"date":"2022-08-12T17:30:29","date_gmt":"2022-08-12T15:30:29","guid":{"rendered":"https:\/\/wr.ans.pw.edu.pl\/?page_id=362"},"modified":"2023-10-19T19:21:01","modified_gmt":"2023-10-19T17:21:01","slug":"ochrona-prywatnosci-2","status":"publish","type":"page","link":"https:\/\/wr.ans.pw.edu.pl\/?page_id=362","title":{"rendered":"5. 3. Ochrona prywatno\u015bci"},"content":{"rendered":"\n<p><\/p>\n\n\n\n<ul>\n<li><strong><a href=\"https:\/\/wr.ans.pw.edu.pl\/?page_id=565\">Cyfrowa to\u017csamo\u015b\u0107 a Wielki Reset<\/a><\/strong><\/li>\n\n\n\n<li><strong><a href=\"https:\/\/wr.ans.pw.edu.pl\/?page_id=625\" data-type=\"page\" data-id=\"625\">Systemy zaufania spo\u0142ecznego w CHRL<\/a><\/strong><\/li>\n\n\n\n<li><strong><a href=\"https:\/\/wr.ans.pw.edu.pl\/?page_id=1969\" data-type=\"page\" data-id=\"1969\">AADHAAR NAJWI\u0118KSZY NA \u015aWIECIE BIOMETRYCZNY SYSTEM IDENTYFIKAC<\/a>JI<\/strong><\/li>\n\n\n\n<li><strong><a href=\"https:\/\/wr.ans.pw.edu.pl\/?page_id=1985\" data-type=\"page\" data-id=\"1985\">STAN PRAC NAD GLOBALNYM SYSTEMEM TO\u017bSAMO\u015aCI CYFROWEJ NA PRZYK\u0141ADZIE PILOTA\u017bOWEGO PROGRAMU DIGITAL HEALTH ID<\/a><\/strong><\/li>\n<\/ul>\n\n\n\n<p><\/p>\n","protected":false},"excerpt":{"rendered":"","protected":false},"author":1,"featured_media":0,"parent":0,"menu_order":0,"comment_status":"closed","ping_status":"closed","template":"","meta":[],"_links":{"self":[{"href":"https:\/\/wr.ans.pw.edu.pl\/index.php?rest_route=\/wp\/v2\/pages\/362"}],"collection":[{"href":"https:\/\/wr.ans.pw.edu.pl\/index.php?rest_route=\/wp\/v2\/pages"}],"about":[{"href":"https:\/\/wr.ans.pw.edu.pl\/index.php?rest_route=\/wp\/v2\/types\/page"}],"author":[{"embeddable":true,"href":"https:\/\/wr.ans.pw.edu.pl\/index.php?rest_route=\/wp\/v2\/users\/1"}],"replies":[{"embeddable":true,"href":"https:\/\/wr.ans.pw.edu.pl\/index.php?rest_route=%2Fwp%2Fv2%2Fcomments&post=362"}],"version-history":[{"count":20,"href":"https:\/\/wr.ans.pw.edu.pl\/index.php?rest_route=\/wp\/v2\/pages\/362\/revisions"}],"predecessor-version":[{"id":1989,"href":"https:\/\/wr.ans.pw.edu.pl\/index.php?rest_route=\/wp\/v2\/pages\/362\/revisions\/1989"}],"wp:attachment":[{"href":"https:\/\/wr.ans.pw.edu.pl\/index.php?rest_route=%2Fwp%2Fv2%2Fmedia&parent=362"}],"curies":[{"name":"wp","href":"https:\/\/api.w.org\/{rel}","templated":true}]}}