{"id":2940,"date":"2024-12-04T22:36:47","date_gmt":"2024-12-04T21:36:47","guid":{"rendered":"https:\/\/wr.ans.pw.edu.pl\/?page_id=2940"},"modified":"2024-12-04T22:36:47","modified_gmt":"2024-12-04T21:36:47","slug":"6-4-2-4-dr-anna-mikos-kondycja-psychiczna-czlowieka-w-perspektywie-glebokich-zmian-cywilizacyjnych-2","status":"publish","type":"page","link":"https:\/\/wr.ans.pw.edu.pl\/?page_id=2940","title":{"rendered":"6.4.2.4. Dr. Anna Mikos: Kondycja psychiczna cz\u0142owieka w perspektywie g\u0142\u0119bokich zmian cywilizacyjnych"},"content":{"rendered":"<a href=\"https:\/\/wr.ans.pw.edu.pl\/wp-content\/uploads\/2024\/12\/A.-Mikos_Kondycja-psychiczna_NOTATKA.pdf\" class=\"pdfemb-viewer\" style=\"\" data-width=\"max\" data-height=\"max\"  data-toolbar=\"bottom\" data-toolbar-fixed=\"off\">A.-Mikos_Kondycja-psychiczna_NOTATKA<br\/><\/a>\n<p class=\"wp-block-pdfemb-pdf-embedder-viewer\"><\/p>\n","protected":false},"excerpt":{"rendered":"","protected":false},"author":1,"featured_media":0,"parent":0,"menu_order":0,"comment_status":"closed","ping_status":"closed","template":"","meta":[],"_links":{"self":[{"href":"https:\/\/wr.ans.pw.edu.pl\/index.php?rest_route=\/wp\/v2\/pages\/2940"}],"collection":[{"href":"https:\/\/wr.ans.pw.edu.pl\/index.php?rest_route=\/wp\/v2\/pages"}],"about":[{"href":"https:\/\/wr.ans.pw.edu.pl\/index.php?rest_route=\/wp\/v2\/types\/page"}],"author":[{"embeddable":true,"href":"https:\/\/wr.ans.pw.edu.pl\/index.php?rest_route=\/wp\/v2\/users\/1"}],"replies":[{"embeddable":true,"href":"https:\/\/wr.ans.pw.edu.pl\/index.php?rest_route=%2Fwp%2Fv2%2Fcomments&post=2940"}],"version-history":[{"count":1,"href":"https:\/\/wr.ans.pw.edu.pl\/index.php?rest_route=\/wp\/v2\/pages\/2940\/revisions"}],"predecessor-version":[{"id":2942,"href":"https:\/\/wr.ans.pw.edu.pl\/index.php?rest_route=\/wp\/v2\/pages\/2940\/revisions\/2942"}],"wp:attachment":[{"href":"https:\/\/wr.ans.pw.edu.pl\/index.php?rest_route=%2Fwp%2Fv2%2Fmedia&parent=2940"}],"curies":[{"name":"wp","href":"https:\/\/api.w.org\/{rel}","templated":true}]}}