{"id":2788,"date":"2024-07-03T11:34:14","date_gmt":"2024-07-03T09:34:14","guid":{"rendered":"https:\/\/wr.ans.pw.edu.pl\/?page_id=2788"},"modified":"2024-07-03T11:51:52","modified_gmt":"2024-07-03T09:51:52","slug":"9-konferencja-koncowa-projektu","status":"publish","type":"page","link":"https:\/\/wr.ans.pw.edu.pl\/?page_id=2788","title":{"rendered":"9. Konferencja Ko\u0144cowa Projektu"},"content":{"rendered":"\n<p><a href=\"https:\/\/wr.ans.pw.edu.pl\/?page_id=2810\" data-type=\"page\" data-id=\"2810\">9.1. Program konferencji<\/a><\/p>\n\n\n\n<p><a href=\"https:\/\/wr.ans.pw.edu.pl\/?page_id=2794\" data-type=\"page\" data-id=\"2794\">9.2. Wprowadzenie tematyczne do programu<\/a><\/p>\n\n\n\n<p><a href=\"https:\/\/wr.ans.pw.edu.pl\/?page_id=2795\" data-type=\"page\" data-id=\"2795\">9.3. Klucz do dyskusji<\/a><\/p>\n\n\n\n<p><a href=\"https:\/\/wr.ans.pw.edu.pl\/?page_id=2796\" data-type=\"page\" data-id=\"2796\">9.4. Kontekst bie\u017c\u0105cy<\/a><\/p>\n\n\n\n<p><a href=\"https:\/\/wr.ans.pw.edu.pl\/?page_id=2797\" data-type=\"page\" data-id=\"2797\">9.5. Podsumowanie efekt\u00f3w<\/a><\/p>\n","protected":false},"excerpt":{"rendered":"<p>9.1. Program konferencji 9.2. Wprowadzenie tematyczne do programu 9.3. Klucz do dyskusji 9.4. Kontekst bie\u017c\u0105cy 9.5. Podsumowanie efekt\u00f3w<\/p>\n","protected":false},"author":1,"featured_media":0,"parent":0,"menu_order":0,"comment_status":"closed","ping_status":"closed","template":"","meta":[],"_links":{"self":[{"href":"https:\/\/wr.ans.pw.edu.pl\/index.php?rest_route=\/wp\/v2\/pages\/2788"}],"collection":[{"href":"https:\/\/wr.ans.pw.edu.pl\/index.php?rest_route=\/wp\/v2\/pages"}],"about":[{"href":"https:\/\/wr.ans.pw.edu.pl\/index.php?rest_route=\/wp\/v2\/types\/page"}],"author":[{"embeddable":true,"href":"https:\/\/wr.ans.pw.edu.pl\/index.php?rest_route=\/wp\/v2\/users\/1"}],"replies":[{"embeddable":true,"href":"https:\/\/wr.ans.pw.edu.pl\/index.php?rest_route=%2Fwp%2Fv2%2Fcomments&post=2788"}],"version-history":[{"count":4,"href":"https:\/\/wr.ans.pw.edu.pl\/index.php?rest_route=\/wp\/v2\/pages\/2788\/revisions"}],"predecessor-version":[{"id":2824,"href":"https:\/\/wr.ans.pw.edu.pl\/index.php?rest_route=\/wp\/v2\/pages\/2788\/revisions\/2824"}],"wp:attachment":[{"href":"https:\/\/wr.ans.pw.edu.pl\/index.php?rest_route=%2Fwp%2Fv2%2Fmedia&parent=2788"}],"curies":[{"name":"wp","href":"https:\/\/api.w.org\/{rel}","templated":true}]}}