{"id":2736,"date":"2024-04-18T16:23:20","date_gmt":"2024-04-18T14:23:20","guid":{"rendered":"https:\/\/wr.ans.pw.edu.pl\/?page_id=2736"},"modified":"2024-04-18T16:23:20","modified_gmt":"2024-04-18T14:23:20","slug":"2-4-prawo-porzadek-slusznosci-i-sprawiedliwosci","status":"publish","type":"page","link":"https:\/\/wr.ans.pw.edu.pl\/?page_id=2736","title":{"rendered":"2.4. Prawo \u2013 porz\u0105dek s\u0142uszno\u015bci i sprawiedliwo\u015bci"},"content":{"rendered":"<a href=\"https:\/\/wr.ans.pw.edu.pl\/wp-content\/uploads\/2024\/04\/2.4-Prawo-porzadek-slusznosci-i-sprawiedliwosci.pdf\" class=\"pdfemb-viewer\" style=\"\" data-width=\"max\" data-height=\"max\"  data-toolbar=\"bottom\" data-toolbar-fixed=\"off\">2.4-Prawo-porzadek-slusznosci-i-sprawiedliwosci<br\/><\/a>\n<p class=\"wp-block-pdfemb-pdf-embedder-viewer\"><\/p>\n","protected":false},"excerpt":{"rendered":"","protected":false},"author":1,"featured_media":0,"parent":0,"menu_order":0,"comment_status":"closed","ping_status":"closed","template":"","meta":[],"_links":{"self":[{"href":"https:\/\/wr.ans.pw.edu.pl\/index.php?rest_route=\/wp\/v2\/pages\/2736"}],"collection":[{"href":"https:\/\/wr.ans.pw.edu.pl\/index.php?rest_route=\/wp\/v2\/pages"}],"about":[{"href":"https:\/\/wr.ans.pw.edu.pl\/index.php?rest_route=\/wp\/v2\/types\/page"}],"author":[{"embeddable":true,"href":"https:\/\/wr.ans.pw.edu.pl\/index.php?rest_route=\/wp\/v2\/users\/1"}],"replies":[{"embeddable":true,"href":"https:\/\/wr.ans.pw.edu.pl\/index.php?rest_route=%2Fwp%2Fv2%2Fcomments&post=2736"}],"version-history":[{"count":1,"href":"https:\/\/wr.ans.pw.edu.pl\/index.php?rest_route=\/wp\/v2\/pages\/2736\/revisions"}],"predecessor-version":[{"id":2738,"href":"https:\/\/wr.ans.pw.edu.pl\/index.php?rest_route=\/wp\/v2\/pages\/2736\/revisions\/2738"}],"wp:attachment":[{"href":"https:\/\/wr.ans.pw.edu.pl\/index.php?rest_route=%2Fwp%2Fv2%2Fmedia&parent=2736"}],"curies":[{"name":"wp","href":"https:\/\/api.w.org\/{rel}","templated":true}]}}