{"id":2730,"date":"2024-04-18T16:21:52","date_gmt":"2024-04-18T14:21:52","guid":{"rendered":"https:\/\/wr.ans.pw.edu.pl\/?page_id=2730"},"modified":"2024-04-18T16:21:52","modified_gmt":"2024-04-18T14:21:52","slug":"2-2-tradycja-sprawdzona-madrosc-wiekow","status":"publish","type":"page","link":"https:\/\/wr.ans.pw.edu.pl\/?page_id=2730","title":{"rendered":"2.2. Tradycja \u2013 sprawdzona m\u0105dro\u015b\u0107 wiek\u00f3w"},"content":{"rendered":"<a href=\"https:\/\/wr.ans.pw.edu.pl\/wp-content\/uploads\/2024\/04\/2.2-Tradycja-sprawdzona-madrosc-wiekow.pdf\" class=\"pdfemb-viewer\" style=\"\" data-width=\"max\" data-height=\"max\"  data-toolbar=\"bottom\" data-toolbar-fixed=\"off\">2.2-Tradycja-sprawdzona-madrosc-wiekow<br\/><\/a>\n<p class=\"wp-block-pdfemb-pdf-embedder-viewer\"><\/p>\n","protected":false},"excerpt":{"rendered":"","protected":false},"author":1,"featured_media":0,"parent":0,"menu_order":0,"comment_status":"closed","ping_status":"closed","template":"","meta":[],"_links":{"self":[{"href":"https:\/\/wr.ans.pw.edu.pl\/index.php?rest_route=\/wp\/v2\/pages\/2730"}],"collection":[{"href":"https:\/\/wr.ans.pw.edu.pl\/index.php?rest_route=\/wp\/v2\/pages"}],"about":[{"href":"https:\/\/wr.ans.pw.edu.pl\/index.php?rest_route=\/wp\/v2\/types\/page"}],"author":[{"embeddable":true,"href":"https:\/\/wr.ans.pw.edu.pl\/index.php?rest_route=\/wp\/v2\/users\/1"}],"replies":[{"embeddable":true,"href":"https:\/\/wr.ans.pw.edu.pl\/index.php?rest_route=%2Fwp%2Fv2%2Fcomments&post=2730"}],"version-history":[{"count":1,"href":"https:\/\/wr.ans.pw.edu.pl\/index.php?rest_route=\/wp\/v2\/pages\/2730\/revisions"}],"predecessor-version":[{"id":2732,"href":"https:\/\/wr.ans.pw.edu.pl\/index.php?rest_route=\/wp\/v2\/pages\/2730\/revisions\/2732"}],"wp:attachment":[{"href":"https:\/\/wr.ans.pw.edu.pl\/index.php?rest_route=%2Fwp%2Fv2%2Fmedia&parent=2730"}],"curies":[{"name":"wp","href":"https:\/\/api.w.org\/{rel}","templated":true}]}}