{"id":2537,"date":"2024-04-09T15:05:09","date_gmt":"2024-04-09T13:05:09","guid":{"rendered":"https:\/\/wr.ans.pw.edu.pl\/?page_id=2537"},"modified":"2024-12-10T13:31:40","modified_gmt":"2024-12-10T12:31:40","slug":"6-4-2-wystapienia","status":"publish","type":"page","link":"https:\/\/wr.ans.pw.edu.pl\/?page_id=2537","title":{"rendered":"6.4.2. Wyst\u0105pienia"},"content":{"rendered":"\n<p><strong><a href=\"https:\/\/wr.ans.pw.edu.pl\/?page_id=2539\" data-type=\"page\" data-id=\"2539\">6.4.2.0.Dr hab. J. Janowski: Wprowadzenie do dyskusji<\/a><\/strong><\/p>\n\n\n\n<p><strong><a href=\"https:\/\/wr.ans.pw.edu.pl\/?page_id=2544\" data-type=\"page\" data-id=\"2544\">6.4.2.3. Dr Mariusz B\u0142achowiak: Zasadno\u015b\u0107 og\u0142oszenia i utrzymywania tzw. pandemii koronawirusa<\/a><\/strong><\/p>\n\n\n\n<p><strong><a href=\"https:\/\/wr.ans.pw.edu.pl\/?page_id=2559\" data-type=\"page\" data-id=\"2559\">6.4.2.3. Dr Stanis\u0142aw Krajski: Kondycja psychiczna cz\u0142owieka w \u015bwiecie po Wielkim Resecie<\/a><\/strong><\/p>\n\n\n\n<p><strong><a href=\"https:\/\/wr.ans.pw.edu.pl\/?page_id=2940\" data-type=\"page\" data-id=\"2940\">6.4.2.4. Mgr Anna Mikos: Kondycja psychiczna cz\u0142owieka w perspektywie g\u0142\u0119bokich zmian cywilizacyjnych<\/a><\/strong><\/p>\n","protected":false},"excerpt":{"rendered":"<p>6.4.2.0.Dr hab. J. Janowski: Wprowadzenie do dyskusji 6.4.2.3. Dr Mariusz B\u0142achowiak: Zasadno\u015b\u0107 og\u0142oszenia i utrzymywania tzw. pandemii koronawirusa 6.4.2.3. Dr Stanis\u0142aw Krajski: Kondycja psychiczna cz\u0142owieka w \u015bwiecie po Wielkim Resecie 6.4.2.4. Mgr Anna Mikos: Kondycja psychiczna cz\u0142owieka w perspektywie g\u0142\u0119bokich zmian cywilizacyjnych<\/p>\n","protected":false},"author":1,"featured_media":0,"parent":0,"menu_order":0,"comment_status":"closed","ping_status":"closed","template":"","meta":[],"_links":{"self":[{"href":"https:\/\/wr.ans.pw.edu.pl\/index.php?rest_route=\/wp\/v2\/pages\/2537"}],"collection":[{"href":"https:\/\/wr.ans.pw.edu.pl\/index.php?rest_route=\/wp\/v2\/pages"}],"about":[{"href":"https:\/\/wr.ans.pw.edu.pl\/index.php?rest_route=\/wp\/v2\/types\/page"}],"author":[{"embeddable":true,"href":"https:\/\/wr.ans.pw.edu.pl\/index.php?rest_route=\/wp\/v2\/users\/1"}],"replies":[{"embeddable":true,"href":"https:\/\/wr.ans.pw.edu.pl\/index.php?rest_route=%2Fwp%2Fv2%2Fcomments&post=2537"}],"version-history":[{"count":11,"href":"https:\/\/wr.ans.pw.edu.pl\/index.php?rest_route=\/wp\/v2\/pages\/2537\/revisions"}],"predecessor-version":[{"id":2944,"href":"https:\/\/wr.ans.pw.edu.pl\/index.php?rest_route=\/wp\/v2\/pages\/2537\/revisions\/2944"}],"wp:attachment":[{"href":"https:\/\/wr.ans.pw.edu.pl\/index.php?rest_route=%2Fwp%2Fv2%2Fmedia&parent=2537"}],"curies":[{"name":"wp","href":"https:\/\/api.w.org\/{rel}","templated":true}]}}