{"id":2402,"date":"2024-03-21T22:38:16","date_gmt":"2024-03-21T21:38:16","guid":{"rendered":"https:\/\/wr.ans.pw.edu.pl\/?page_id=2402"},"modified":"2024-03-21T22:38:16","modified_gmt":"2024-03-21T21:38:16","slug":"2-6-kosciol-wspolnota-wiernych","status":"publish","type":"page","link":"https:\/\/wr.ans.pw.edu.pl\/?page_id=2402","title":{"rendered":"2.6. Ko\u015bci\u00f3\u0142 \u2013 wsp\u00f3lnota wiernych"},"content":{"rendered":"<a href=\"https:\/\/wr.ans.pw.edu.pl\/wp-content\/uploads\/2024\/03\/2.6-Kosciol-wspolnota-wiernych.pdf\" class=\"pdfemb-viewer\" style=\"\" data-width=\"max\" data-height=\"max\"  data-toolbar=\"bottom\" data-toolbar-fixed=\"off\">2.6-Kosciol-wspolnota-wiernych<br\/><\/a>\n<p class=\"wp-block-pdfemb-pdf-embedder-viewer\"><\/p>\n","protected":false},"excerpt":{"rendered":"","protected":false},"author":1,"featured_media":0,"parent":0,"menu_order":0,"comment_status":"closed","ping_status":"closed","template":"","meta":[],"_links":{"self":[{"href":"https:\/\/wr.ans.pw.edu.pl\/index.php?rest_route=\/wp\/v2\/pages\/2402"}],"collection":[{"href":"https:\/\/wr.ans.pw.edu.pl\/index.php?rest_route=\/wp\/v2\/pages"}],"about":[{"href":"https:\/\/wr.ans.pw.edu.pl\/index.php?rest_route=\/wp\/v2\/types\/page"}],"author":[{"embeddable":true,"href":"https:\/\/wr.ans.pw.edu.pl\/index.php?rest_route=\/wp\/v2\/users\/1"}],"replies":[{"embeddable":true,"href":"https:\/\/wr.ans.pw.edu.pl\/index.php?rest_route=%2Fwp%2Fv2%2Fcomments&post=2402"}],"version-history":[{"count":1,"href":"https:\/\/wr.ans.pw.edu.pl\/index.php?rest_route=\/wp\/v2\/pages\/2402\/revisions"}],"predecessor-version":[{"id":2404,"href":"https:\/\/wr.ans.pw.edu.pl\/index.php?rest_route=\/wp\/v2\/pages\/2402\/revisions\/2404"}],"wp:attachment":[{"href":"https:\/\/wr.ans.pw.edu.pl\/index.php?rest_route=%2Fwp%2Fv2%2Fmedia&parent=2402"}],"curies":[{"name":"wp","href":"https:\/\/api.w.org\/{rel}","templated":true}]}}