{"id":1985,"date":"2023-10-19T19:19:45","date_gmt":"2023-10-19T17:19:45","guid":{"rendered":"https:\/\/wr.ans.pw.edu.pl\/?page_id=1985"},"modified":"2023-10-19T19:19:45","modified_gmt":"2023-10-19T17:19:45","slug":"stan-prac-nad-globalnym-systemem-tozsamosci-cyfrowej-na-przykladzie-pilotazowego-programu-digital-health-id","status":"publish","type":"page","link":"https:\/\/wr.ans.pw.edu.pl\/?page_id=1985","title":{"rendered":"<strong>STAN PRAC NAD GLOBALNYM SYSTEMEM TO\u017bSAMO\u015aCI CYFROWEJ NA PRZYK\u0141ADZIE PILOTA\u017bOWEGO PROGRAMU DIGITAL HEALTH ID<\/strong>"},"content":{"rendered":"<a href=\"https:\/\/wr.ans.pw.edu.pl\/wp-content\/uploads\/2023\/10\/NB-2-PF_sprPM-MM.pdf\" class=\"pdfemb-viewer\" style=\"\" data-width=\"max\" data-height=\"max\"  data-toolbar=\"bottom\" data-toolbar-fixed=\"off\">NB-2-PF_sprPM-MM<br\/><\/a>\n<p class=\"wp-block-pdfemb-pdf-embedder-viewer\"><\/p>\n","protected":false},"excerpt":{"rendered":"","protected":false},"author":1,"featured_media":0,"parent":0,"menu_order":0,"comment_status":"closed","ping_status":"closed","template":"","meta":[],"_links":{"self":[{"href":"https:\/\/wr.ans.pw.edu.pl\/index.php?rest_route=\/wp\/v2\/pages\/1985"}],"collection":[{"href":"https:\/\/wr.ans.pw.edu.pl\/index.php?rest_route=\/wp\/v2\/pages"}],"about":[{"href":"https:\/\/wr.ans.pw.edu.pl\/index.php?rest_route=\/wp\/v2\/types\/page"}],"author":[{"embeddable":true,"href":"https:\/\/wr.ans.pw.edu.pl\/index.php?rest_route=\/wp\/v2\/users\/1"}],"replies":[{"embeddable":true,"href":"https:\/\/wr.ans.pw.edu.pl\/index.php?rest_route=%2Fwp%2Fv2%2Fcomments&post=1985"}],"version-history":[{"count":1,"href":"https:\/\/wr.ans.pw.edu.pl\/index.php?rest_route=\/wp\/v2\/pages\/1985\/revisions"}],"predecessor-version":[{"id":1987,"href":"https:\/\/wr.ans.pw.edu.pl\/index.php?rest_route=\/wp\/v2\/pages\/1985\/revisions\/1987"}],"wp:attachment":[{"href":"https:\/\/wr.ans.pw.edu.pl\/index.php?rest_route=%2Fwp%2Fv2%2Fmedia&parent=1985"}],"curies":[{"name":"wp","href":"https:\/\/api.w.org\/{rel}","templated":true}]}}