{"id":1248,"date":"2023-01-16T11:29:27","date_gmt":"2023-01-16T10:29:27","guid":{"rendered":"https:\/\/wr.ans.pw.edu.pl\/?page_id=1248"},"modified":"2023-06-11T22:22:53","modified_gmt":"2023-06-11T20:22:53","slug":"7-7-kredyt-spoleczny","status":"publish","type":"page","link":"https:\/\/wr.ans.pw.edu.pl\/?page_id=1248","title":{"rendered":"7.7. Kredyt spo\u0142eczny"},"content":{"rendered":"\n<ul>\n<li>Francuski film dokumentalny nt systemu kredytu spo\u0142ecznego w Chinach: &#8222;Kredyt spo\u0142eczny mojej \u017cony&#8221;, 2023 [<a savefrom_lm_index=\"0\" savefrom_lm=\"1\" href=\"https:\/\/www.youtube.com\/watch?v=fkzWNd_KOQA\">https:\/\/www.youtube.com\/watch?v=fkzWNd_KOQA<\/a><span style=\"padding: 0; margin: 0; margin-left: 5px;\"><\/span>]<\/li>\n<\/ul>\n","protected":false},"excerpt":{"rendered":"","protected":false},"author":1,"featured_media":0,"parent":0,"menu_order":0,"comment_status":"closed","ping_status":"closed","template":"","meta":[],"_links":{"self":[{"href":"https:\/\/wr.ans.pw.edu.pl\/index.php?rest_route=\/wp\/v2\/pages\/1248"}],"collection":[{"href":"https:\/\/wr.ans.pw.edu.pl\/index.php?rest_route=\/wp\/v2\/pages"}],"about":[{"href":"https:\/\/wr.ans.pw.edu.pl\/index.php?rest_route=\/wp\/v2\/types\/page"}],"author":[{"embeddable":true,"href":"https:\/\/wr.ans.pw.edu.pl\/index.php?rest_route=\/wp\/v2\/users\/1"}],"replies":[{"embeddable":true,"href":"https:\/\/wr.ans.pw.edu.pl\/index.php?rest_route=%2Fwp%2Fv2%2Fcomments&post=1248"}],"version-history":[{"count":3,"href":"https:\/\/wr.ans.pw.edu.pl\/index.php?rest_route=\/wp\/v2\/pages\/1248\/revisions"}],"predecessor-version":[{"id":1796,"href":"https:\/\/wr.ans.pw.edu.pl\/index.php?rest_route=\/wp\/v2\/pages\/1248\/revisions\/1796"}],"wp:attachment":[{"href":"https:\/\/wr.ans.pw.edu.pl\/index.php?rest_route=%2Fwp%2Fv2%2Fmedia&parent=1248"}],"curies":[{"name":"wp","href":"https:\/\/api.w.org\/{rel}","templated":true}]}}