{"id":1242,"date":"2023-01-16T11:27:42","date_gmt":"2023-01-16T10:27:42","guid":{"rendered":"https:\/\/wr.ans.pw.edu.pl\/?page_id=1242"},"modified":"2024-09-19T17:48:47","modified_gmt":"2024-09-19T15:48:47","slug":"7-4-zmiany-srodowiskowe","status":"publish","type":"page","link":"https:\/\/wr.ans.pw.edu.pl\/?page_id=1242","title":{"rendered":"7.4. Zmiany \u015brodowiskowe"},"content":{"rendered":"\n<p><strong>A. Stelmach, <em>Zr\u00f3wnowa\u017cony rozw\u00f3j. Zakl\u0119cie globalist\u00f3w, instrument totalnego zniewolenia<\/em><\/strong>, Stowarzyszenie Kultury Chrze\u015bcija\u0144skiej im. Ks. Piotra Skargi, Krak\u00f3w 2023, <a href=\"https:\/\/cojak.net.pl\/up\/zrownowazony-rozwoj.pdf.\">https:\/\/cojak.net.pl\/up\/zrownowazony-rozwoj.pdf.<\/a><\/p>\n\n\n\n<p><strong><em>Zimna Prawda. Film ods\u0142aniaj\u0105cy kulisy klimatycznego k\u0142amstwa<\/em><\/strong><em>, <\/em>Telewizja Republika, 13 V 2024<\/p>\n\n\n\n<p><a href=\"https:\/\/preczzzielonymladem.pl\/raport\/\"><strong>Raport <em>Zielony (Nie)\u0141ad<\/em><\/strong><\/a>, przygotowany na zlecenie NSZZ Solidarno\u015b\u0107  przez polskich ekonomist\u00f3w, pod redakcj\u0105 dr. A. Bartoszewicza (grup\u0119 badawcz\u0105 tworz\u0105 prof. Witold Modzelewski, prof. Ryszard Piotrowski, prof. Maciej Chorowski, prof. Iwona Jelonek, prof. W\u0142adys\u0142aw Mielczarski, dr hab. in\u017c. Ziemowit Malecha, dr Alina Landowska, dr Katarzyna Ob\u0142\u0105kowska, Tomasz Cukiernik, Marek Lachowicz, Katarzyna Wawrzonkiewicz i Cezary Wincenciak). Raport.pokazuje skutki polityki klimatycznej na polsk\u0105 gospodark\u0119. Pierwszy raz zosta\u0142 zaprezentowany podczas XXXIII Forum Ekonomicznego w Karpaczu (2024).<\/p>\n","protected":false},"excerpt":{"rendered":"<p>A. Stelmach, Zr\u00f3wnowa\u017cony rozw\u00f3j. Zakl\u0119cie globalist\u00f3w, instrument totalnego zniewolenia, Stowarzyszenie Kultury Chrze\u015bcija\u0144skiej im. Ks. Piotra Skargi, Krak\u00f3w 2023, https:\/\/cojak.net.pl\/up\/zrownowazony-rozwoj.pdf. Zimna Prawda. Film ods\u0142aniaj\u0105cy kulisy klimatycznego k\u0142amstwa, Telewizja Republika, 13 V 2024 Raport Zielony (Nie)\u0141ad, przygotowany na zlecenie NSZZ Solidarno\u015b\u0107 przez polskich ekonomist\u00f3w, pod redakcj\u0105 dr. A. Bartoszewicza (grup\u0119 badawcz\u0105 tworz\u0105 prof. Witold Modzelewski, prof. Ryszard &hellip; <a href=\"https:\/\/wr.ans.pw.edu.pl\/?page_id=1242\" class=\"more-link\">Czytaj dalej <span class=\"screen-reader-text\">7.4. Zmiany \u015brodowiskowe<\/span><\/a><\/p>\n","protected":false},"author":1,"featured_media":0,"parent":0,"menu_order":0,"comment_status":"closed","ping_status":"closed","template":"","meta":[],"_links":{"self":[{"href":"https:\/\/wr.ans.pw.edu.pl\/index.php?rest_route=\/wp\/v2\/pages\/1242"}],"collection":[{"href":"https:\/\/wr.ans.pw.edu.pl\/index.php?rest_route=\/wp\/v2\/pages"}],"about":[{"href":"https:\/\/wr.ans.pw.edu.pl\/index.php?rest_route=\/wp\/v2\/types\/page"}],"author":[{"embeddable":true,"href":"https:\/\/wr.ans.pw.edu.pl\/index.php?rest_route=\/wp\/v2\/users\/1"}],"replies":[{"embeddable":true,"href":"https:\/\/wr.ans.pw.edu.pl\/index.php?rest_route=%2Fwp%2Fv2%2Fcomments&post=1242"}],"version-history":[{"count":11,"href":"https:\/\/wr.ans.pw.edu.pl\/index.php?rest_route=\/wp\/v2\/pages\/1242\/revisions"}],"predecessor-version":[{"id":2890,"href":"https:\/\/wr.ans.pw.edu.pl\/index.php?rest_route=\/wp\/v2\/pages\/1242\/revisions\/2890"}],"wp:attachment":[{"href":"https:\/\/wr.ans.pw.edu.pl\/index.php?rest_route=%2Fwp%2Fv2%2Fmedia&parent=1242"}],"curies":[{"name":"wp","href":"https:\/\/api.w.org\/{rel}","templated":true}]}}