{"id":1238,"date":"2023-01-16T11:26:48","date_gmt":"2023-01-16T10:26:48","guid":{"rendered":"https:\/\/wr.ans.pw.edu.pl\/?page_id=1238"},"modified":"2023-11-12T23:08:03","modified_gmt":"2023-11-12T22:08:03","slug":"7-3-ochrona-prywatnosci-2","status":"publish","type":"page","link":"https:\/\/wr.ans.pw.edu.pl\/?page_id=1238","title":{"rendered":"7.3. Ochrona prywatno\u015bci"},"content":{"rendered":"\n<p><\/p>\n\n\n\n<ul>\n<li><strong>Brak odpowiedniego zabezpieczenia danych osobowych na Twitterze<\/strong>: zeznania przed komisj\u0105 Senatu USA Peitera Zatko, by\u0142ego szefa bezpiecze\u0144stwa Twittera (2020-2022): <a href=\"https:\/\/www.darkreading.com\/edge-articles\/key-takeaways-from-the-twitter-whistleblower-s-testimony\">https:\/\/www.darkreading.com\/edge-articles\/key-takeaways-from-the-twitter-whistleblower-s-testimony<\/a> [ca\u0142o\u015b\u0107 zezna\u0144 na pi\u015bmie: <a href=\"https:\/\/www.judiciary.senate.gov\/imo\/media\/doc\/Testimony%20-%20Zatko%20-%202022-09-13.pdf\">https:\/\/www.judiciary.senate.gov\/imo\/media\/doc\/Testimony%20-%20Zatko%20-%202022-09-13.pdf<\/a>]<\/li>\n\n\n\n<li><strong>Kara <strong>\u20ac<\/strong>1.3 mld  <\/strong>(najwi\u0119ksza w historii)<strong> na\u0142o\u017cona w EU na Meta (Facebook) za naruszenie prywatno\u015bci obywateli EU, <\/strong>maj 2023 (naruszenie General Data Protection Regulation, GDPR, 2018). [ <strong>Decision of the Data Protection Commission<\/strong>: <a href=\"https:\/\/edpb.europa.eu\/system\/files\/2023-05\/final_for_issue_ov_transfers_decision_12-05-23.pdf\">https:\/\/edpb.europa.eu\/system\/files\/2023-05\/final_for_issue_ov_transfers_decision_12-05-23.pdf<\/a>]. Wynika st\u0105d, \u017ce &#8222;<strong>Facebook business model is illegal in Europe<\/strong>&#8222;<\/li>\n\n\n\n<li><strong>Pozosta\u0142ych 9 najwi\u0119kszych kar za naruszenie GDPR<\/strong>: Amazon GDPR fine \u2013 \u20ac746 million imposed by Luxembourg in July 2021; Meta GDPR fine \u2013 \u20ac405 million imposed by Ireland in September 2022; Meta GDPR fine \u2013 \u20ac390 million imposed by Ireland in January 2023; Meta GDPR fine \u2013 \u20ac265 million imposed by Ireland in November 2022; WhatsApp GDPR fine \u2013 \u20ac225 million imposed by Ireland in September 2021;Google LLC GDPR fine- \u20ac90 million imposed by France in December 2021;Google Ireland GDPR fine &#8211; \u20ac60 million imposed by France in December 2021; Facebook Ireland GDPR fine &#8211; \u20ac60 million imposed by France in December 2021; Google France GDPR fine \u2013 \u20ac50 million imposed by France in January 2019<\/li>\n\n\n\n<li><strong><a href=\"https:\/\/www.documentcloud.org\/documents\/24080215-meta-lawsuit\">Zbiorowy pozew<\/a> (24 X 2023) ponad 40 stan\u00f3w USA wobec Meta Platforms Inc<\/strong>. za \u015bwiadome gromadzenie danych o dzieciach, bez zgody ich rodzic\u00f3w, szkodz\u0105c dzieciom na zdrowiu psychicznym, celowo uzale\u017cniaj\u0105c je od swoich platform, \u0142ami\u0105c federalne prawo: <strong><em><a href=\"https:\/\/www.govinfo.gov\/content\/pkg\/PLAW-105publ277\/pdf\/PLAW-105publ277.pdf\">Children\u2019s Online Privacy Protection Act<\/a> <\/em>(COPPA).<\/strong> W pozwie mowa, \u017ce &#8222;Meta routinely violates COPPA in its operation of Instagram and Facebook by collecting the personal information of children on those Platforms without first obtaining (or even attempting to obtain) verifiable parental consent, as required by the statute&#8221;. <a href=\"https:\/\/ag.ny.gov\/press-release\/2023\/attorney-general-james-and-multistate-coalition-sue-meta-harming-youth\">Letitia James, Prokurator Generalny Nowego Jorku,  w swoim o\u015bwiadczeniu twierdzi<\/a>, \u017ce  \u201cMeta has profited from children\u2019s pain by intentionally designing its platforms with manipulative features that make children addicted to their platforms while lowering their self-esteem. Social media companies, including Meta, have contributed to a national youth mental health crisis and they must be held accountable. I am proud to join my fellow attorneys general to stop Meta\u2019s harmful tactics and keep children safe online&#8221;.<\/li>\n\n\n\n<li><strong>Pilna wi\u0105\u017c\u0105ca decyzja EROD w&nbsp;spr. przetwarzania danych przez Meta do cel\u00f3w reklamy behawioralnej<\/strong>, 06.11.2023; &#8222;Podczas 86. posiedzenia plenarnego, 27 pa\u017adziernika br., EROD przyj\u0119\u0142a piln\u0105 wi\u0105\u017c\u0105c\u0105 decyzj\u0119, w kt\u00f3rej nakaza\u0142a irlandzkiemu organowi nadzorczemu, jako wiod\u0105cemu organowi nadzorczemu, wprowadzenie zakazu przetwarzania danych osobowych do cel\u00f3w reklamy behawioralnej dotycz\u0105cych Meta Ireland Limited (Meta IE) w oparciu o dotychczas stosowane podstawy prawne.&#8221; (<a href=\"https:\/\/uodo.gov.pl\/pl\/138\/2879\">https:\/\/uodo.gov.pl\/pl\/138\/2879<\/a>)<\/li>\n\n\n\n<li><strong>Przygotowywane zmiany w UE rozporz\u0105dzeniu eIDAS<\/strong><em> (electronic IDentification, Authentication and trust Services)<\/em>, dotycz\u0105cym <strong>cyfrowej to\u017csamo\u015bci<\/strong>, na gruncie kt\u00f3rego ka\u017cde pa\u0144stwo cz\u0142onkowskie (i ewentualnie inne kraje) mia\u0142oby wyznaczy\u0107 &#8222;Qualified Trust Service Providers&#8221; dla dystrybucji Qualified Website Authentication Certificates (QWACs). Artyku\u0142 45 wymaga, aby internetowe przegl\u0105darki akceptowa\u0142y te certyfikaty; tekst dokumentu (eIDAS 2.0) nie jest podany do publicznej wiadomo\u015bci, w listopadzie 2023 zosta\u0142 przyj\u0119ty przez Komisj\u0119, na pocz\u0105tku 2024 roku ma by\u0107 poddany g\u0142osowaniu. <a href=\"https:\/\/last-chance-for-eidas.org\/\"><strong>Niepok\u00f3j specjalist\u00f3w budzi zw\u0142aszcza art. 45, istotnie ograniczaj\u0105cy prawo do prywatno\u015bci<\/strong><\/a>; kr\u0105\u017cy <a href=\"https:\/\/nce.mpi-sp.org\/index.php\/s\/cG88cptFdaDNyRr\">list otwarty<\/a> w tej sprawie (do 8 listopada 2023 podpisa\u0142o go 504 naukowc\u00f3w z 39 pa\u0144stw oraz wiele organizacji pozarz\u0105dowych), a w nim badacze &#8222;<em>strongly warn against the currently proposed trilogue agreement, as it fails to properly respect the right to privacy of citizens and secure online communications; without establishing proper safeguards as outlined above, it instead substantially increases the potential for harm<\/em>&#8222;. <strong>Komentarz<\/strong>: <a href=\"https:\/\/www.internetsociety.org\/resources\/doc\/2023\/qualified-web-authentication-certificates-qwacs-in-eidas\/\">https:\/\/www.internetsociety.org\/resources\/doc\/2023\/qualified-web-authentication-certificates-qwacs-in-eidas\/<\/a>. <\/li>\n<\/ul>\n","protected":false},"excerpt":{"rendered":"","protected":false},"author":1,"featured_media":0,"parent":0,"menu_order":0,"comment_status":"closed","ping_status":"closed","template":"","meta":[],"_links":{"self":[{"href":"https:\/\/wr.ans.pw.edu.pl\/index.php?rest_route=\/wp\/v2\/pages\/1238"}],"collection":[{"href":"https:\/\/wr.ans.pw.edu.pl\/index.php?rest_route=\/wp\/v2\/pages"}],"about":[{"href":"https:\/\/wr.ans.pw.edu.pl\/index.php?rest_route=\/wp\/v2\/types\/page"}],"author":[{"embeddable":true,"href":"https:\/\/wr.ans.pw.edu.pl\/index.php?rest_route=\/wp\/v2\/users\/1"}],"replies":[{"embeddable":true,"href":"https:\/\/wr.ans.pw.edu.pl\/index.php?rest_route=%2Fwp%2Fv2%2Fcomments&post=1238"}],"version-history":[{"count":11,"href":"https:\/\/wr.ans.pw.edu.pl\/index.php?rest_route=\/wp\/v2\/pages\/1238\/revisions"}],"predecessor-version":[{"id":2053,"href":"https:\/\/wr.ans.pw.edu.pl\/index.php?rest_route=\/wp\/v2\/pages\/1238\/revisions\/2053"}],"wp:attachment":[{"href":"https:\/\/wr.ans.pw.edu.pl\/index.php?rest_route=%2Fwp%2Fv2%2Fmedia&parent=1238"}],"curies":[{"name":"wp","href":"https:\/\/api.w.org\/{rel}","templated":true}]}}