{"id":1218,"date":"2023-01-16T11:01:25","date_gmt":"2023-01-16T10:01:25","guid":{"rendered":"https:\/\/wr.ans.pw.edu.pl\/?page_id=1218"},"modified":"2026-02-13T14:44:28","modified_gmt":"2026-02-13T13:44:28","slug":"4-7-tom-vii","status":"publish","type":"page","link":"https:\/\/wr.ans.pw.edu.pl\/?page_id=1218","title":{"rendered":"4.7. Tom VII"},"content":{"rendered":"\n<p><strong>Tezy Wielkiego Resetu<\/strong> <br><strong>i sk\u0142adniki niweluj\u0105ce<br>cywilizacji informacyjnej<\/strong><\/p>\n\n\n\n<p><a href=\"https:\/\/wr.ans.pw.edu.pl\/wp-content\/uploads\/2026\/02\/Do-adresatow-6.pdf\">DO ADRESAT\u00d3W<\/a><br><a href=\"https:\/\/wr.ans.pw.edu.pl\/wp-content\/uploads\/2026\/02\/Wstep-4.pdf\">WST\u0118P<\/a><\/p>\n\n\n\n<ol>\n<li><a href=\"https:\/\/wr.ans.pw.edu.pl\/wp-content\/uploads\/2026\/02\/1.0-Tezy-globalne-Wielkiego-Resetu.pdf\">TEZY GLOBALNE WIELKIEGO RESETU<\/a><br><a href=\"https:\/\/wr.ans.pw.edu.pl\/wp-content\/uploads\/2026\/02\/1.1-Teza-permanentnego-monitoringu-swiadomosci.pdf\">1.1. Teza permanentnego monitoringu \u015bwiadomo\u015bci<\/a><br><a href=\"https:\/\/wr.ans.pw.edu.pl\/wp-content\/uploads\/2026\/02\/1.2-Teza-glebokiego-warunkowania-reakcji.pdf\">1.2. Teza g\u0142\u0119bokiego warunkowania reakcji<\/a><br><a href=\"https:\/\/wr.ans.pw.edu.pl\/wp-content\/uploads\/2026\/02\/1.3-Teza-niwelowania-struktur-poznawczych.pdf\">1.3. Teza niwelowania struktur poznawczych<\/a><br><a href=\"https:\/\/wr.ans.pw.edu.pl\/wp-content\/uploads\/2026\/02\/1.4-Teza-globalnej-konwergencji-ideologicznej.pdf\">1.4. Teza globalnej konwergencji ideologicznej<\/a><br><a href=\"https:\/\/wr.ans.pw.edu.pl\/wp-content\/uploads\/2026\/02\/1.5-Teza-sensualnej-stymulacji-zachowan.pdf\">1.5. Teza sensualnej stymulacji zachowa\u0144<\/a><br><a href=\"https:\/\/wr.ans.pw.edu.pl\/wp-content\/uploads\/2026\/02\/1.6-Teza-wylaczania-podmiotowosci-czynu.pdf\">1.6. Teza wy\u0142\u0105czania podmiotowo\u015bci czynu<\/a><br><a href=\"https:\/\/wr.ans.pw.edu.pl\/wp-content\/uploads\/2026\/02\/1.7-Teza-przejecia-kontroli-nad-uwaga.pdf\">1.7. Teza przej\u0119cia kontroli nad uwag\u0105<\/a><\/li>\n\n\n\n<li><a href=\"https:\/\/wr.ans.pw.edu.pl\/wp-content\/uploads\/2026\/02\/2.-Tezy-cywilizacyjne-Wielkiego-Resetu.pdf\">TEZY CYWILIZACYJNE WIELKIEGO RESETU<\/a><br><a href=\"https:\/\/wr.ans.pw.edu.pl\/wp-content\/uploads\/2026\/02\/2.1-Teza-samowykluczenia-z-wplywu-na-rzeczywistosc.pdf\">2.1. Teza samowykluczenia z wp\u0142ywu na rzeczywisto\u015b\u0107<\/a><br><a href=\"https:\/\/wr.ans.pw.edu.pl\/wp-content\/uploads\/2026\/02\/2.2-Teza-stymulowania-migracyjnych-fal.pdf\">2.2. Teza stymulowania migracyjnych fal<\/a><br><a href=\"https:\/\/wr.ans.pw.edu.pl\/wp-content\/uploads\/2026\/02\/2.3-Teza-wyprzedzajacego-zalamania-stanu-fikcji.pdf\">2.3. Teza wyprzedzaj\u0105cego za\u0142amania stanu fikcji<\/a><br><a href=\"https:\/\/wr.ans.pw.edu.pl\/wp-content\/uploads\/2026\/02\/2.4-Teza-uzasadnienia-terroru-za-pomoca-terroryzmu.pdf\">2.4. Teza uzasadnienia terroru za pomoc\u0105 terroryzmu<\/a><br><a href=\"https:\/\/wr.ans.pw.edu.pl\/wp-content\/uploads\/2026\/02\/2.5-Teza-zintegrowanych-wojen-przeciwko-ludzkosci.pdf\">2.5. Teza zintegrowanych wojen przeciwko ludzko\u015bci<\/a><br><a href=\"https:\/\/wr.ans.pw.edu.pl\/wp-content\/uploads\/2026\/02\/2.6-Teza-rewolucyjnego-przejecia-globalnej-wladzy.pdf\">2.6. Teza rewolucyjnego przej\u0119cia globalnej w\u0142adzy<\/a><br><a href=\"https:\/\/wr.ans.pw.edu.pl\/wp-content\/uploads\/2026\/02\/2.7-Teza-domkniecia-systemu-totalitarnego.pdf\">2.7. Teza domkni\u0119cia systemu totalitarnego<\/a><\/li>\n<\/ol>\n\n\n\n<p><a href=\"https:\/\/wr.ans.pw.edu.pl\/wp-content\/uploads\/2026\/02\/Podsumowanie.pdf\">PODSUMOWANIE<\/a><br><a href=\"https:\/\/wr.ans.pw.edu.pl\/wp-content\/uploads\/2026\/02\/1.-Od-wielkiego-do-glebokiego-resetu.pdf\">1. Od wielkiego do g\u0142\u0119bokiego resetu<\/a><br><a href=\"https:\/\/wr.ans.pw.edu.pl\/wp-content\/uploads\/2026\/02\/2.-Programowanie-wielko-i-glebokoresetowych-zmian.pdf\">2. Programowanie wielko- i g\u0142\u0119bokoresetowych zmian<\/a><br><a href=\"https:\/\/wr.ans.pw.edu.pl\/wp-content\/uploads\/2026\/02\/3.-Dziedzinowe-konteksty-wielko-i-glebokoresetowych-zmian.pdf\">3. Dziedzinowe konteksty wielko- i g\u0142\u0119bokoresetowych zmian<\/a><br><a href=\"https:\/\/wr.ans.pw.edu.pl\/wp-content\/uploads\/2026\/02\/4.-Synteza-globalnego-i-cywilizacyjnego-resetu.pdf\">4. Synteza globalnego i cywilizacyjnego resetu<\/a><\/p>\n\n\n\n<p><a href=\"https:\/\/wr.ans.pw.edu.pl\/wp-content\/uploads\/2026\/02\/Bibliografia-3.pdf\">BIBLIOGRAFIA<br><\/a><a href=\"https:\/\/wr.ans.pw.edu.pl\/wp-content\/uploads\/2026\/02\/Spis-tresci-2.pdf\">SPIS TRE\u015aCI<br><\/a><a href=\"https:\/\/wr.ans.pw.edu.pl\/wp-content\/uploads\/2026\/02\/Akty-normatywne-3.pdf\">AKTY NORMATYWNE<\/a><br><a href=\"https:\/\/wr.ans.pw.edu.pl\/wp-content\/uploads\/2026\/02\/Szczegolowy-wykaz-zagadnien-3.pdf\">SZCZEG\u00d3\u0141OWY WYKAZ ZAGADNIE\u0143<\/a><br><a href=\"https:\/\/wr.ans.pw.edu.pl\/wp-content\/uploads\/2026\/02\/Streszczenie-3.pdf\">STRESZCZENIE<\/a><br><a href=\"https:\/\/wr.ans.pw.edu.pl\/wp-content\/uploads\/2026\/02\/Summary-3.pdf\">SUMMARY<\/a><br><a href=\"https:\/\/wr.ans.pw.edu.pl\/wp-content\/uploads\/2026\/02\/Odnosniki-do-zrodel-internetowych-3.pdf\">ODNO\u015aNIKI DO \u0179R\u00d3DE\u0141 INTERNETOWYCH<\/a><br><a href=\"https:\/\/wr.ans.pw.edu.pl\/wp-content\/uploads\/2026\/02\/Skroty-2.pdf\">SKR\u00d3TY<\/a><br><a href=\"https:\/\/wr.ans.pw.edu.pl\/wp-content\/uploads\/2026\/02\/Aneks.-Sztuczna-inteligencja-w-systemie-ochrony-zdrowia-z-perspektywy-Wielkiego-Resetu.pdf\">ANEKS. Sztuczna inteligencja w systemie ochrony zdrowia z perspektywy Wielkiego Resetu \u2013 Marzena Furtak-Niczyporuk<\/a><br><a href=\"https:\/\/wr.ans.pw.edu.pl\/wp-content\/uploads\/2026\/02\/Szczegolowy-wykaz-zagadnien-4.pdf\">SZCZEG\u00d3\u0141OWY WYKAZ ZAGADNIE\u0143<\/a><br><a href=\"https:\/\/wr.ans.pw.edu.pl\/wp-content\/uploads\/2026\/02\/Podziekowania-4.pdf\">PODZI\u0118KOWANIA<\/a><\/p>\n","protected":false},"excerpt":{"rendered":"<p>Tezy Wielkiego Resetu i sk\u0142adniki niweluj\u0105cecywilizacji informacyjnej DO ADRESAT\u00d3WWST\u0118P PODSUMOWANIE1. Od wielkiego do g\u0142\u0119bokiego resetu2. Programowanie wielko- i g\u0142\u0119bokoresetowych zmian3. Dziedzinowe konteksty wielko- i g\u0142\u0119bokoresetowych zmian4. Synteza globalnego i cywilizacyjnego resetu BIBLIOGRAFIASPIS TRE\u015aCIAKTY NORMATYWNESZCZEG\u00d3\u0141OWY WYKAZ ZAGADNIE\u0143STRESZCZENIESUMMARYODNO\u015aNIKI DO \u0179R\u00d3DE\u0141 INTERNETOWYCHSKR\u00d3TYANEKS. Sztuczna inteligencja w systemie ochrony zdrowia z perspektywy Wielkiego Resetu \u2013 Marzena Furtak-NiczyporukSZCZEG\u00d3\u0141OWY WYKAZ ZAGADNIE\u0143PODZI\u0118KOWANIA<\/p>\n","protected":false},"author":1,"featured_media":0,"parent":0,"menu_order":0,"comment_status":"closed","ping_status":"closed","template":"","meta":[],"_links":{"self":[{"href":"https:\/\/wr.ans.pw.edu.pl\/index.php?rest_route=\/wp\/v2\/pages\/1218"}],"collection":[{"href":"https:\/\/wr.ans.pw.edu.pl\/index.php?rest_route=\/wp\/v2\/pages"}],"about":[{"href":"https:\/\/wr.ans.pw.edu.pl\/index.php?rest_route=\/wp\/v2\/types\/page"}],"author":[{"embeddable":true,"href":"https:\/\/wr.ans.pw.edu.pl\/index.php?rest_route=\/wp\/v2\/users\/1"}],"replies":[{"embeddable":true,"href":"https:\/\/wr.ans.pw.edu.pl\/index.php?rest_route=%2Fwp%2Fv2%2Fcomments&post=1218"}],"version-history":[{"count":5,"href":"https:\/\/wr.ans.pw.edu.pl\/index.php?rest_route=\/wp\/v2\/pages\/1218\/revisions"}],"predecessor-version":[{"id":3211,"href":"https:\/\/wr.ans.pw.edu.pl\/index.php?rest_route=\/wp\/v2\/pages\/1218\/revisions\/3211"}],"wp:attachment":[{"href":"https:\/\/wr.ans.pw.edu.pl\/index.php?rest_route=%2Fwp%2Fv2%2Fmedia&parent=1218"}],"curies":[{"name":"wp","href":"https:\/\/api.w.org\/{rel}","templated":true}]}}