{"id":1215,"date":"2023-01-16T10:57:17","date_gmt":"2023-01-16T09:57:17","guid":{"rendered":"https:\/\/wr.ans.pw.edu.pl\/?page_id=1215"},"modified":"2026-02-13T14:22:17","modified_gmt":"2026-02-13T13:22:17","slug":"4-6-tom-vi","status":"publish","type":"page","link":"https:\/\/wr.ans.pw.edu.pl\/?page_id=1215","title":{"rendered":"4.6. Tom VI"},"content":{"rendered":"\n<p><strong>Hipotezy Wielkiego Resetu<\/strong> <br><strong>i sk\u0142adniki warunkuj\u0105ce<br>cywilizacji informacyjnej<\/strong><\/p>\n\n\n\n<p><a href=\"https:\/\/wr.ans.pw.edu.pl\/wp-content\/uploads\/2026\/02\/Do-adresatow-5.pdf\">DO ADRESAT\u00d3W<\/a><br><br><a href=\"https:\/\/wr.ans.pw.edu.pl\/wp-content\/uploads\/2026\/02\/Czesc-I.-Rekonstrukcja-systemowa.pdf\">CZ\u0118\u015a\u0106 I. REKONSTRUKCJA SYSTEMOWA<\/a><br><a href=\"https:\/\/wr.ans.pw.edu.pl\/wp-content\/uploads\/2026\/02\/Wstep-3.pdf\">WST\u0118P<\/a><\/p>\n\n\n\n<ol>\n<li><a href=\"https:\/\/wr.ans.pw.edu.pl\/wp-content\/uploads\/2026\/02\/Rozdzial-1.-Hipotezy-globalne-Wielkiego-Resetu.pdf\">ROZDZIA\u0141 1. PROCESY GLOBALNE WIELKIEGO RESETU<\/a><br><a href=\"https:\/\/wr.ans.pw.edu.pl\/wp-content\/uploads\/2026\/02\/1.-Hipoteza-oswieconej-wizji.pdf\">1. Hipoteza o\u015bwieconej wizji<\/a><br><a href=\"https:\/\/wr.ans.pw.edu.pl\/wp-content\/uploads\/2026\/02\/2.-Hipoteza-otwartej-konspiracji.pdf\">2. Hipoteza otwartej konspiracji<\/a><br><a href=\"https:\/\/wr.ans.pw.edu.pl\/wp-content\/uploads\/2026\/02\/3.-Hipoteza-zarzadzania-kryzysem.pdf\">3. Hipoteza zarz\u0105dzania kryzysem<\/a><br><a href=\"https:\/\/wr.ans.pw.edu.pl\/wp-content\/uploads\/2026\/02\/4.-Hipoteza-wycofania-kapitalizmu.pdf\">4. Hipoteza wycofania kapitalizmu<\/a><br><a href=\"https:\/\/wr.ans.pw.edu.pl\/wp-content\/uploads\/2026\/02\/5.-Hipoteza-absolutnej-dominacji.pdf\">5. Hipoteza absolutnej dominacji<\/a><br><a href=\"https:\/\/wr.ans.pw.edu.pl\/wp-content\/uploads\/2026\/02\/6.-Hipoteza-wirtualnej-symulacji.pdf\">6. Hipoteza wirtualnej symulacji<\/a><br><a href=\"https:\/\/wr.ans.pw.edu.pl\/wp-content\/uploads\/2026\/02\/7.-Hipoteza-zintegrowanej-przestrzeni-sterowania.pdf\">7. Hipoteza zintegrowanej przestrzeni sterowania<\/a><\/li>\n\n\n\n<li><a href=\"https:\/\/wr.ans.pw.edu.pl\/wp-content\/uploads\/2026\/02\/Rozdzial-2.-Hipotezy-cywilizacyjne-Wielkiego-Resetu.pdf\">ROZDZIA\u0141 2. HIPOTEZY CYWILIZACYJNE WIELKIEGO RESETU<\/a><br><a href=\"https:\/\/wr.ans.pw.edu.pl\/wp-content\/uploads\/2026\/02\/1.-Hipoteza-rozkladu-cywilizacyjnych-wartosci.pdf\">1. Hipoteza rozk\u0142adu cywilizacyjnych warto\u015bci<\/a><br><a href=\"https:\/\/wr.ans.pw.edu.pl\/wp-content\/uploads\/2026\/02\/2.-Hipoteza-cywilizacji-bez-odpowiedzialnosci.pdf\">2. Hipoteza cywilizacji bez odpowiedzialno\u015bci<\/a><br><a href=\"https:\/\/wr.ans.pw.edu.pl\/wp-content\/uploads\/2026\/02\/3.-Hipoteza-kontrolowanego-zludzenia-rozwoju.pdf\">3. Hipoteza kontrolowanego z\u0142udzenia rozwoju<\/a><br><a href=\"https:\/\/wr.ans.pw.edu.pl\/wp-content\/uploads\/2026\/02\/4.-Hipoteza-eskalacji-cywilizacyjnego-ryzyka.pdf\">4. Hipoteza eskalacji cywilizacyjnego ryzyka<\/a><br><a href=\"https:\/\/wr.ans.pw.edu.pl\/wp-content\/uploads\/2026\/02\/5.-Hipoteza-konspiracyjnego-przejecia-cywilizacji.pdf\">5. Hipoteza konspiracyjnego przej\u0119cia cywilizacji<\/a><br><a href=\"https:\/\/wr.ans.pw.edu.pl\/wp-content\/uploads\/2026\/02\/6.-Hipoteza-podmiany-misji-cywilizacyjnej.pdf\">6. Hipoteza podmiany misji cywilizacyjnej<\/a><br><a href=\"https:\/\/wr.ans.pw.edu.pl\/wp-content\/uploads\/2026\/02\/7.-Hipoteza-ustroju-cywilizacyjnie-zintegrowanego.pdf\">7. Hipoteza ustroju cywilizacyjnie zintegrowanego<\/a><br><br><a href=\"https:\/\/wr.ans.pw.edu.pl\/wp-content\/uploads\/2026\/02\/Podsumowanie-hipotez.pdf\">PODSUMOWANIE HIPOTEZ<\/a><br><a href=\"https:\/\/wr.ans.pw.edu.pl\/wp-content\/uploads\/2026\/02\/Bibliografia-2.pdf\">BIBLIOGRAFIA<\/a><br><a href=\"https:\/\/wr.ans.pw.edu.pl\/wp-content\/uploads\/2026\/02\/Spis-tresci-1.pdf\">SPIS TRE\u015aCI<\/a><br><a href=\"https:\/\/wr.ans.pw.edu.pl\/wp-content\/uploads\/2026\/02\/Akty-normatywne-2.pdf\">AKTY NORMATYWNE<\/a><br><a href=\"https:\/\/wr.ans.pw.edu.pl\/wp-content\/uploads\/2026\/02\/Dokumenty-2.pdf\">DOKUMENTY<\/a><br><a href=\"https:\/\/wr.ans.pw.edu.pl\/wp-content\/uploads\/2026\/02\/Streszczenie-2.pdf\">STRESZCZENIE<\/a><br><a href=\"https:\/\/wr.ans.pw.edu.pl\/wp-content\/uploads\/2026\/02\/Summary-2.pdf\">SUMMARY<\/a><br><a href=\"https:\/\/wr.ans.pw.edu.pl\/wp-content\/uploads\/2026\/02\/Instytucje-2.pdf\">INSTYTUCJE<\/a><br><a href=\"https:\/\/wr.ans.pw.edu.pl\/wp-content\/uploads\/2026\/02\/Odnosniki-do-zrodel-internetowych-2.pdf\">ODNO\u015aNIKI DO \u0179R\u00d3DE\u0141 INTERNETOWYCH<\/a><br><a href=\"https:\/\/wr.ans.pw.edu.pl\/wp-content\/uploads\/2026\/02\/Skorowidze-2.pdf\">SKOROWIDZE<\/a><br>WYKAZ SKR\u00d3T\u00d3W<\/li>\n<\/ol>\n\n\n\n<p><a href=\"https:\/\/wr.ans.pw.edu.pl\/wp-content\/uploads\/2026\/02\/Czesc-II-Analizy-dziedzinowe.pdf\">CZ\u0118\u015a\u0106 II. ANALIZY DZIEDZINOWE<\/a><\/p>\n\n\n\n<p><a href=\"https:\/\/wr.ans.pw.edu.pl\/wp-content\/uploads\/2026\/02\/1.-Podmiotowa-transformacja-stosunkow-miedzynarodowych-Dominik-Janowski.pdf\">Rozdzia\u0142 1. Podmiotowa transformacja stosunk\u00f3w mi\u0119dzynarodowych \u2013 Dominik Janowski<\/a><br><a href=\"https:\/\/wr.ans.pw.edu.pl\/wp-content\/uploads\/2026\/02\/2.-Tozsamosc-cyfrowa-a-Wielki-Reset-Pawel-Fajgielski.pdf\">Rozdzia\u0142 2. To\u017csamo\u015b\u0107 cyfrowa a Wielki Reset \u2013 Pawe\u0142 Fajgielski<\/a><br><a href=\"https:\/\/wr.ans.pw.edu.pl\/wp-content\/uploads\/2026\/02\/3.-Ekologizm-i-klimatyzm-a-Wielki-Reset-Jolanta-Domanska.pdf\">Rozdzia\u0142 3. Ekologizm i klimatyzm a Wielki Reset \u2013 Jolanta Doma\u0144ska<\/a><br><a href=\"https:\/\/wr.ans.pw.edu.pl\/wp-content\/uploads\/2026\/02\/4.-System-kredytu-spolecznego-Karol-Dobrzeniecki.pdf\">Rozdzia\u0142 4. System kredytu spo\u0142ecznego \u2013 Karol Dobrzeniecki<\/a><br><a href=\"https:\/\/wr.ans.pw.edu.pl\/wp-content\/uploads\/2026\/02\/5.-Koncepcja-jednolitej-europejskiej-przestrzeni-cyfrowej-w-dobie-Wielkiego-Resetu-Agnieszka-Dragan-Pawlusiak.pdf\">Rozdzia\u0142 5. Koncepcja jednolitej europejskiej przestrzeni cyfrowej w dobie Wielkiego Resetu \u2013 Agnieszka Dragan-Pawlusiak<\/a><br><a href=\"https:\/\/wr.ans.pw.edu.pl\/wp-content\/uploads\/2026\/02\/6.-Transhumanizm-a-Wielki-Reset-Patrycja-Mikulska.pdf\">Rozdzia\u0142 6. Transhumanizm a Wielki Reset \u2013 Patrycja Mikulska<\/a><br><a href=\"https:\/\/wr.ans.pw.edu.pl\/wp-content\/uploads\/2026\/02\/7.-Religia-jako-czynnik-ksztaltujacy-cywilizacje-i-jej-rola-w-toku-Wielkiego-Resetu-Magdalena-Moniuszko-Szeliga.pdf\">Rozdzia\u0142 7. Religia jako czynnik kszta\u0142tuj\u0105cy cywilizacj\u0119 i jej rola w toku Wielkiego Resetu \u2013 Magdalena Moniuszko-Szeliga<\/a><br><a href=\"https:\/\/wr.ans.pw.edu.pl\/wp-content\/uploads\/2026\/02\/8.-Sztuczna-Inteligencja-a-Wielki-Reset-Marek-Czachorowski.pdf\">Rozdzia\u0142 8. Sztuczna Inteligencja a Wielki Reset \u2013 Marek Czachorowski<\/a><br><a href=\"https:\/\/wr.ans.pw.edu.pl\/wp-content\/uploads\/2026\/02\/9.-Problemy-ludnosciowe-w-procesach-Wielkiego-Resetu-Agata-Ali.pdf\">Rozdzia\u0142 9. Problemy ludno\u015bciowe w procesach Wielkiego Resetu \u2013 Agata Ali<\/a><\/p>\n\n\n\n<p><a href=\"https:\/\/wr.ans.pw.edu.pl\/wp-content\/uploads\/2026\/02\/Szczegolowy-wykaz-zagadnien-2.pdf\">SZCZEG\u00d3\u0141OWY WYKAZ ZAGADNIE\u0143<\/a><br><a href=\"https:\/\/wr.ans.pw.edu.pl\/wp-content\/uploads\/2026\/02\/Podziekowania-3.pdf\">PODZI\u0118KOWANIA<\/a><\/p>\n","protected":false},"excerpt":{"rendered":"<p>Hipotezy Wielkiego Resetu i sk\u0142adniki warunkuj\u0105cecywilizacji informacyjnej DO ADRESAT\u00d3W CZ\u0118\u015a\u0106 I. REKONSTRUKCJA SYSTEMOWAWST\u0118P CZ\u0118\u015a\u0106 II. ANALIZY DZIEDZINOWE Rozdzia\u0142 1. Podmiotowa transformacja stosunk\u00f3w mi\u0119dzynarodowych \u2013 Dominik JanowskiRozdzia\u0142 2. To\u017csamo\u015b\u0107 cyfrowa a Wielki Reset \u2013 Pawe\u0142 FajgielskiRozdzia\u0142 3. Ekologizm i klimatyzm a Wielki Reset \u2013 Jolanta Doma\u0144skaRozdzia\u0142 4. System kredytu spo\u0142ecznego \u2013 Karol DobrzenieckiRozdzia\u0142 5. Koncepcja jednolitej &hellip; <a href=\"https:\/\/wr.ans.pw.edu.pl\/?page_id=1215\" class=\"more-link\">Czytaj dalej <span class=\"screen-reader-text\">4.6. Tom VI<\/span><\/a><\/p>\n","protected":false},"author":1,"featured_media":0,"parent":0,"menu_order":0,"comment_status":"closed","ping_status":"closed","template":"","meta":[],"_links":{"self":[{"href":"https:\/\/wr.ans.pw.edu.pl\/index.php?rest_route=\/wp\/v2\/pages\/1215"}],"collection":[{"href":"https:\/\/wr.ans.pw.edu.pl\/index.php?rest_route=\/wp\/v2\/pages"}],"about":[{"href":"https:\/\/wr.ans.pw.edu.pl\/index.php?rest_route=\/wp\/v2\/types\/page"}],"author":[{"embeddable":true,"href":"https:\/\/wr.ans.pw.edu.pl\/index.php?rest_route=\/wp\/v2\/users\/1"}],"replies":[{"embeddable":true,"href":"https:\/\/wr.ans.pw.edu.pl\/index.php?rest_route=%2Fwp%2Fv2%2Fcomments&post=1215"}],"version-history":[{"count":6,"href":"https:\/\/wr.ans.pw.edu.pl\/index.php?rest_route=\/wp\/v2\/pages\/1215\/revisions"}],"predecessor-version":[{"id":3174,"href":"https:\/\/wr.ans.pw.edu.pl\/index.php?rest_route=\/wp\/v2\/pages\/1215\/revisions\/3174"}],"wp:attachment":[{"href":"https:\/\/wr.ans.pw.edu.pl\/index.php?rest_route=%2Fwp%2Fv2%2Fmedia&parent=1215"}],"curies":[{"name":"wp","href":"https:\/\/api.w.org\/{rel}","templated":true}]}}