{"id":1212,"date":"2023-01-16T10:50:29","date_gmt":"2023-01-16T09:50:29","guid":{"rendered":"https:\/\/wr.ans.pw.edu.pl\/?page_id=1212"},"modified":"2026-02-13T13:33:26","modified_gmt":"2026-02-13T12:33:26","slug":"4-5-tom-v","status":"publish","type":"page","link":"https:\/\/wr.ans.pw.edu.pl\/?page_id=1212","title":{"rendered":"4.5. Tom V"},"content":{"rendered":"\n<p><strong>Procesy Wielkiego Resetu<\/strong> <br><strong>i sk\u0142adniki finalne<br>cywilizacji informacyjnej<\/strong><\/p>\n\n\n\n<p><a href=\"https:\/\/wr.ans.pw.edu.pl\/wp-content\/uploads\/2026\/02\/Do-adresatow-3.pdf\">DO ADRESAT\u00d3W<br><\/a><a href=\"https:\/\/wr.ans.pw.edu.pl\/wp-content\/uploads\/2026\/02\/Wstep-2.pdf\">WST\u0118P<\/a><\/p>\n\n\n\n<ol>\n<li><a href=\"https:\/\/wr.ans.pw.edu.pl\/wp-content\/uploads\/2026\/02\/Rozdzial-0-Procesy-Wielkiego-Resetu.pdf\">PROCESY WIELKIEGO RESETU<\/a><br><a href=\"https:\/\/wr.ans.pw.edu.pl\/wp-content\/uploads\/2026\/02\/1.1-Dekonstrukcja-odgorne-rozformowanie-spoleczenstwa.pdf\">1.1. Dekonstrukcja \u2013 odg\u00f3rne rozformowanie spo\u0142ecze\u0144stwa<br><\/a><a href=\"https:\/\/wr.ans.pw.edu.pl\/wp-content\/uploads\/2026\/02\/1.2-Dezomtegracja-wkalkulowany-rozklad-systemow.pdf\">1.2. Dezomtegracja &#8211; wkalkulowany rozk\u0142ad system\u00f3w<\/a><br><a href=\"http:\/\/wr.ans.pw.edu.pl\/wp-content\/uploads\/2026\/02\/1.3-Degradacja-utrata-posiadanego-znaczenia.pdf\">1.3. Degradacja &#8211; utrata posiadanego znaczenia<\/a><br><a href=\"http:\/\/wr.ans.pw.edu.pl\/wp-content\/uploads\/2026\/02\/1.4-Deprewacja-aktywne-niszczenie-postaw.pdf\">1.4. Deprewacja &#8211; aktywne niszczenie postaw<\/a><br><a href=\"http:\/\/wr.ans.pw.edu.pl\/wp-content\/uploads\/2026\/02\/1.5-Depopulacja-systemowe-ograniczenie-zaludnienia.pdf\">1.5. Depopulacja &#8211; systemowe ograniczenie zaludnienia<\/a><br><a href=\"http:\/\/wr.ans.pw.edu.pl\/wp-content\/uploads\/2026\/02\/1.6-Dehumanizacja-negacja-ludzkiej-specyfiki.pdf\">1.6. Dehumanizacja &#8211; negacja ludzkiej specyfiki<\/a><br><a href=\"http:\/\/wr.ans.pw.edu.pl\/wp-content\/uploads\/2026\/02\/1.7-Decywilizacja-postepujaca-barbaryzacja.pdf\">1.7. Decywilizacja &#8211; post\u0119puj\u0105ca barbaryzacja<\/a><\/li>\n\n\n\n<li><a href=\"http:\/\/wr.ans.pw.edu.pl\/wp-content\/uploads\/2026\/02\/2.0-Skladniki-finalne-cywilizacji-informacyjnej.pdf\">SK\u0141ADNIKI FINALNE CYWILIZACJI INFORMACYJNEJ<\/a><br><a href=\"http:\/\/wr.ans.pw.edu.pl\/wp-content\/uploads\/2026\/02\/2.0-Skladniki-finalne-cywilizacji-informacyjnej.pdf\">2.1. Nauka jako metodyczne sprawdzanie mo\u017cliwo\u015bci<\/a><br><a href=\"http:\/\/wr.ans.pw.edu.pl\/wp-content\/uploads\/2026\/02\/2.2-Filozofia-jako-krytyka-umilowania-madrosci.pdf\">2.2. Filozofia jako krytyka umi\u0142owania m\u0105dro\u015bci<\/a><br><a href=\"http:\/\/wr.ans.pw.edu.pl\/wp-content\/uploads\/2026\/02\/2.3-Etyka-jako-filozofia-neutralnie-moralna.pdf\">2.3. Etyka jako filozofia neutralnie moralna<\/a><br><a href=\"http:\/\/wr.ans.pw.edu.pl\/wp-content\/uploads\/2026\/02\/2.4-Ideologia-jako-wprowadzana-w-zycie-utopia.pdf\">2.4. Ideologia jako wprowadzana w \u017cycie utopia<\/a><br><a href=\"http:\/\/wr.ans.pw.edu.pl\/wp-content\/uploads\/2026\/02\/2.5-Kultura-jako-realizacja-antywartosci.pdf\">2.5. Kultura jako realizacja antywarto\u015bci<\/a><br><a href=\"https:\/\/wr.ans.pw.edu.pl\/wp-content\/uploads\/2026\/02\/2.6-Swiatopoglad-jako-zludzenie-pogladowej-neutralnosci.pdf\">2.6. \u015awiatopogl\u0105d jako z\u0142udzenie pogl\u0105dowej neutralno\u015bci<\/a><\/li>\n\n\n\n<li><a href=\"https:\/\/wr.ans.pw.edu.pl\/wp-content\/uploads\/2026\/02\/Rozdzial-3-Wladza-Wielkiego-Resetu.pdf\">W\u0141ADZA WIELKIEGO RESETU<\/a><br><a href=\"http:\/\/wr.ans.pw.edu.pl\/wp-content\/uploads\/2026\/02\/3.1-Badania-nad-wladza.pdf\">3.1. Badania nad w\u0142adz\u0105<\/a><br><a href=\"https:\/\/wr.ans.pw.edu.pl\/wp-content\/uploads\/2026\/02\/3.2-Pojecie-wladzy.pdf\">3.2. Poj\u0119cie w\u0142adzy<\/a><br><a href=\"http:\/\/wr.ans.pw.edu.pl\/wp-content\/uploads\/2026\/02\/3.3-Istota-wladzy.pdf\">3.3. Istota w\u0142adzy<\/a><br><a href=\"http:\/\/wr.ans.pw.edu.pl\/wp-content\/uploads\/2026\/02\/3.4-Ekspozytura-wladzy.pdf\">3.4. Ekspozytura w\u0142adzy<br><\/a>3.5. <a href=\"https:\/\/wr.ans.pw.edu.pl\/wp-content\/uploads\/2026\/02\/3.5-Inzynieria-wladzy.pdf\">In\u017cynieria w\u0142adzy<\/a><br><a href=\"http:\/\/wr.ans.pw.edu.pl\/wp-content\/uploads\/2026\/02\/3.6-Architektura-wladzy.pdf\">3.6. Architektura w\u0142adzy<\/a><br><a href=\"http:\/\/wr.ans.pw.edu.pl\/wp-content\/uploads\/2026\/02\/3.7-Transfer-wladzy.pdf\">3.7. Transfer w\u0142adzy<\/a><br><a href=\"http:\/\/Alienacja w\u0142adzy(otworzy si\u0119 w nowej karcie) wr.ans.pw.edu.pl\/wp-content\/uploads\/2026\/02\/3.8-Alienacja-wladzy.pdf\">3.8. Alienacja w\u0142adzy<\/a><br><a href=\"http:\/\/wr.ans.pw.edu.pl\/wp-content\/uploads\/2026\/02\/3.9-Usieciowienie-wladzy.pdf\">3.9. Usieciowienie w\u0142adzy<\/a><br><a href=\"http:\/\/wr.ans.pw.edu.pl\/wp-content\/uploads\/2026\/02\/3.10-Globalizacja-wladzy.pdf\">3.10. Globalizacja w\u0142adzy<\/a><\/li>\n\n\n\n<li><a href=\"https:\/\/wr.ans.pw.edu.pl\/wp-content\/uploads\/2026\/02\/Rozdzial-4-Administracja-Wielkiego-Resetu.pdf\">ADMINISTRACJA WIELKIEGO RESETU<\/a><br><a href=\"https:\/\/wr.ans.pw.edu.pl\/wp-content\/uploads\/2026\/02\/4.1-Organizacja-administracji.pdf\">4.1. Organizacja administracji<\/a><br><a href=\"https:\/\/wr.ans.pw.edu.pl\/wp-content\/uploads\/2026\/02\/4.2-Instytucjonalizacja-administracji.pdf\">4.2. Instytucjonalizacja administracji<\/a><br><a href=\"https:\/\/wr.ans.pw.edu.pl\/wp-content\/uploads\/2026\/02\/4.3-Formalizacja-administracji.pdf\">4.3. Formalizacja administracji<br><\/a><a href=\"https:\/\/wr.ans.pw.edu.pl\/wp-content\/uploads\/2026\/02\/4.4-Wirtualizacja-administracji.pdf\">4.4. Wirtualizacja administracji<\/a><br><a href=\"https:\/\/wr.ans.pw.edu.pl\/wp-content\/uploads\/2026\/02\/4.5-Globalizacja-administracji-w-toku-Wielkiego-Resetu.pdf\">4.5. Globalizacja administracji w toku Wielkiego Resetu<\/a><br><a href=\"https:\/\/wr.ans.pw.edu.pl\/wp-content\/uploads\/2026\/02\/4.6-Technologiczne-typy-administracji-Wielkiego-Resetu.pdf\">4.6. Technologiczne typy administracji Wielkiego Resetu<\/a><br><a href=\"https:\/\/wr.ans.pw.edu.pl\/wp-content\/uploads\/2026\/02\/4.7-Polityczne-typy-administracji-Wielkiego-Resetu.pdf\">4.7. Polityczne typy administracji Wielkiego Resetu<\/a><\/li>\n<\/ol>\n\n\n\n<p><a href=\"https:\/\/wr.ans.pw.edu.pl\/wp-content\/uploads\/2026\/02\/Zakonczenie-1.pdf\">ZAKO\u0143CZENIE<\/a><br><a href=\"https:\/\/wr.ans.pw.edu.pl\/wp-content\/uploads\/2026\/02\/Bibliografia-1.pdf\">BIBLIOGRAFIA<\/a><br><a href=\"https:\/\/wr.ans.pw.edu.pl\/wp-content\/uploads\/2026\/02\/Spis-tresci.pdf\">SPIS TRE\u015aCI<\/a><br><a href=\"https:\/\/wr.ans.pw.edu.pl\/wp-content\/uploads\/2026\/02\/Akty-normatywne-1.pdf\">AKTY NORMATYWNE<\/a><br><a href=\"https:\/\/wr.ans.pw.edu.pl\/wp-content\/uploads\/2026\/02\/Dokumenty-1.pdf\">DOKUMENTY<\/a><br><a href=\"https:\/\/wr.ans.pw.edu.pl\/wp-content\/uploads\/2026\/02\/Streszczenie-1.pdf\">STRESZCZENIE<br><\/a><a href=\"https:\/\/wr.ans.pw.edu.pl\/wp-content\/uploads\/2026\/02\/Summary-1.pdf\">SUMMARY<\/a><br><a href=\"https:\/\/wr.ans.pw.edu.pl\/wp-content\/uploads\/2026\/02\/Wyjasnienie-pojec-1.pdf\">WYJA\u015aNIENIE POJ\u0118\u0106<\/a><br><a href=\"https:\/\/wr.ans.pw.edu.pl\/wp-content\/uploads\/2026\/02\/Osoby-1.pdf\">OSOBY<\/a><br><a href=\"https:\/\/wr.ans.pw.edu.pl\/wp-content\/uploads\/2026\/02\/Instytucje-1.pdf\">INSTYTUCJE<\/a><br><a href=\"https:\/\/wr.ans.pw.edu.pl\/wp-content\/uploads\/2026\/02\/Odnosniki-do-zrodel-internetowych-1.pdf\">ODNO\u015aNIKI DO \u0179R\u00d3DE\u0141 INTERNETOWYCH<\/a><br><a href=\"https:\/\/wr.ans.pw.edu.pl\/wp-content\/uploads\/2026\/02\/Skorowidze-1.pdf\">SKOROWIDZE<\/a><br><a href=\"https:\/\/wr.ans.pw.edu.pl\/wp-content\/uploads\/2026\/02\/Skroty-1.pdf\">SKR\u00d3TY<\/a><br><a href=\"https:\/\/wr.ans.pw.edu.pl\/wp-content\/uploads\/2026\/02\/Szczegolowy-wykaz-zagadnien-1.pdf\">SZCZEG\u00d3\u0141OWY WYKAZ ZAGADNIE\u0143<\/a><br><a href=\"https:\/\/wr.ans.pw.edu.pl\/wp-content\/uploads\/2026\/02\/Podziekowania-2.pdf\">PODZI\u0118KOWANIA<\/a><\/p>\n","protected":false},"excerpt":{"rendered":"<p>Procesy Wielkiego Resetu i sk\u0142adniki finalnecywilizacji informacyjnej DO ADRESAT\u00d3WWST\u0118P ZAKO\u0143CZENIEBIBLIOGRAFIASPIS TRE\u015aCIAKTY NORMATYWNEDOKUMENTYSTRESZCZENIESUMMARYWYJA\u015aNIENIE POJ\u0118\u0106OSOBYINSTYTUCJEODNO\u015aNIKI DO \u0179R\u00d3DE\u0141 INTERNETOWYCHSKOROWIDZESKR\u00d3TYSZCZEG\u00d3\u0141OWY WYKAZ ZAGADNIE\u0143PODZI\u0118KOWANIA<\/p>\n","protected":false},"author":1,"featured_media":0,"parent":0,"menu_order":0,"comment_status":"closed","ping_status":"closed","template":"","meta":[],"_links":{"self":[{"href":"https:\/\/wr.ans.pw.edu.pl\/index.php?rest_route=\/wp\/v2\/pages\/1212"}],"collection":[{"href":"https:\/\/wr.ans.pw.edu.pl\/index.php?rest_route=\/wp\/v2\/pages"}],"about":[{"href":"https:\/\/wr.ans.pw.edu.pl\/index.php?rest_route=\/wp\/v2\/types\/page"}],"author":[{"embeddable":true,"href":"https:\/\/wr.ans.pw.edu.pl\/index.php?rest_route=\/wp\/v2\/users\/1"}],"replies":[{"embeddable":true,"href":"https:\/\/wr.ans.pw.edu.pl\/index.php?rest_route=%2Fwp%2Fv2%2Fcomments&post=1212"}],"version-history":[{"count":4,"href":"https:\/\/wr.ans.pw.edu.pl\/index.php?rest_route=\/wp\/v2\/pages\/1212\/revisions"}],"predecessor-version":[{"id":3128,"href":"https:\/\/wr.ans.pw.edu.pl\/index.php?rest_route=\/wp\/v2\/pages\/1212\/revisions\/3128"}],"wp:attachment":[{"href":"https:\/\/wr.ans.pw.edu.pl\/index.php?rest_route=%2Fwp%2Fv2%2Fmedia&parent=1212"}],"curies":[{"name":"wp","href":"https:\/\/api.w.org\/{rel}","templated":true}]}}