{"id":1209,"date":"2023-01-16T10:47:28","date_gmt":"2023-01-16T09:47:28","guid":{"rendered":"https:\/\/wr.ans.pw.edu.pl\/?page_id=1209"},"modified":"2026-02-13T12:52:57","modified_gmt":"2026-02-13T11:52:57","slug":"4-4-tom-iv","status":"publish","type":"page","link":"https:\/\/wr.ans.pw.edu.pl\/?page_id=1209","title":{"rendered":"4.4. Tom IV"},"content":{"rendered":"\n<p><strong>Obiekty Wielkiego Resetu<\/strong> <br><strong>i sk\u0142adniki funkcjonalne <br>cywilizacji informacyjnej<\/strong><\/p>\n\n\n\n<p><a href=\"https:\/\/wr.ans.pw.edu.pl\/wp-content\/uploads\/2026\/02\/Do-adresatow-1.pdf\">DO ADRESAT\u00d3W<\/a><br><a href=\"https:\/\/wr.ans.pw.edu.pl\/wp-content\/uploads\/2026\/02\/Wstep.pdf\">WST\u0118P<\/a><\/p>\n\n\n\n<ol>\n<li><a href=\"https:\/\/wr.ans.pw.edu.pl\/wp-content\/uploads\/2026\/02\/1.0-Obiekty-Wielkiego-Resety.pdf\">OBIEKTY WIELKIEGO RESETU<\/a><br><a href=\"https:\/\/wr.ans.pw.edu.pl\/wp-content\/uploads\/2026\/02\/1.1-Mity-niepotwierdzajace-sie-przekonania.pdf\">1.1. Mity \u2013 niepotwierdzaj\u0105ce si\u0119 przekonania<\/a><br><a href=\"https:\/\/wr.ans.pw.edu.pl\/wp-content\/uploads\/2026\/02\/1.2-Dogmaty-bezdyskusyjne-twierdzenia.pdf\">1.2. Dogmaty &#8211; bezdyskusyjne twierdzenia<\/a><br><a href=\"https:\/\/wr.ans.pw.edu.pl\/wp-content\/uploads\/2026\/02\/1.3-Tabu-zakazane-podejrzenia.pdf\">1.3. Tabu &#8211; zakazane podejrzenia<\/a><br><a href=\"https:\/\/wr.ans.pw.edu.pl\/wp-content\/uploads\/2026\/02\/1.4-Absurdy-sprzeczne-wyjasnienia.pdf\">1.4. Absurdy &#8211; sprzeczne wyja\u015bnienia<\/a><br><a href=\"https:\/\/wr.ans.pw.edu.pl\/wp-content\/uploads\/2026\/02\/1.5-Frazesy-ogolnikowe-zapewnienia.pdf\">1.5. Frazesy &#8211; og\u00f3lnikowe zapewnienia<\/a> <br><a href=\"https:\/\/wr.ans.pw.edu.pl\/wp-content\/uploads\/2026\/02\/1.6-Etykiety-mylace-szyldy.pdf\">1.6. Etykiety &#8211; myl\u0105ce szyldy <\/a><br><a href=\"https:\/\/wr.ans.pw.edu.pl\/wp-content\/uploads\/2026\/02\/1.7-Fetysze-zniewalajace-konstrukty.pdf\">1.7. Fetysze &#8211; zniewalaj\u0105ce konstrukty<\/a> <\/li>\n\n\n\n<li><a href=\"https:\/\/wr.ans.pw.edu.pl\/wp-content\/uploads\/2026\/02\/Rozdzial-2-Skladniki-funkcjonalne-cywilizacji-informacyjnej.pdf\">SK\u0141ADNIKI FUNKCJONALNE CYWILIZACJI INFORMACYJNEJ<\/a><br><a href=\"https:\/\/wr.ans.pw.edu.pl\/wp-content\/uploads\/2026\/02\/2.1-Informacja-cyfrowa-identyfikacja.pdf\">2.1. Informacja &#8211; cyfrowa identyfikacja<\/a><br><a href=\"https:\/\/wr.ans.pw.edu.pl\/wp-content\/uploads\/2026\/02\/2.2-Media-cyfrowe-platformy-globalizacji.pdf\">2.2. Media &#8211; cyfrowe platformy globalizacji<\/a><br><a href=\"https:\/\/wr.ans.pw.edu.pl\/wp-content\/uploads\/2026\/02\/2.3-Gospodarka-rynkowe-zaspokajanie-potrzeb.pdf\">2.3. Gospodarka &#8211; rynkowe zaspokajanie potrzeb<\/a><br><a href=\"https:\/\/wr.ans.pw.edu.pl\/wp-content\/uploads\/2026\/02\/2.4-Pieniadz-polityczny-instrument-kontroli.pdf\">2.4. Pieni\u0105dz &#8211; polityczny instrument kontroli<\/a><br><a href=\"https:\/\/wr.ans.pw.edu.pl\/wp-content\/uploads\/2026\/02\/2.5-Technologia-rozszerzenie-ludzkich-zdolnosci.pdf\">2.5. Technologia &#8211; rozszerzenie ludzkich zdolno\u015bci<\/a><\/li>\n<\/ol>\n\n\n\n<p><a href=\"https:\/\/wr.ans.pw.edu.pl\/wp-content\/uploads\/2026\/02\/Zakonczenie.pdf\">ZAKO\u0143CZENIE<br><\/a><a href=\"https:\/\/wr.ans.pw.edu.pl\/wp-content\/uploads\/2026\/02\/spis-tresci.pdf\">SPIS TRE\u015aCI<\/a><\/p>\n\n\n\n<p><a href=\"https:\/\/wr.ans.pw.edu.pl\/wp-content\/uploads\/2026\/02\/Szczegolowy-wykaz-zagadnien.pdf\">SZCZEG\u00d3\u0141OWY WYKAZ ZAGADNIE\u0143<\/a><\/p>\n\n\n\n<p><a href=\"https:\/\/wr.ans.pw.edu.pl\/wp-content\/uploads\/2026\/02\/Streszczenie.pdf\">STRESZCZENIE<\/a><br><a href=\"https:\/\/wr.ans.pw.edu.pl\/wp-content\/uploads\/2026\/02\/Summary.pdf\">SUMMARY<br><\/a><a href=\"https:\/\/wr.ans.pw.edu.pl\/wp-content\/uploads\/2026\/02\/Wyjasnienie-pojec.pdf\">WYJA\u015aNIENIE POJ\u0118\u0106<br><\/a><a href=\"https:\/\/wr.ans.pw.edu.pl\/wp-content\/uploads\/2026\/02\/Osoby.pdf\">OSOBY<\/a><br><a href=\"https:\/\/wr.ans.pw.edu.pl\/wp-content\/uploads\/2026\/02\/Instytucje.pdf\">INSTYTUCJE<\/a><br><a href=\"https:\/\/wr.ans.pw.edu.pl\/wp-content\/uploads\/2026\/02\/Odnosniki-do-zrodel-internetowych.pdf\">ODNO\u015aNIKI DO \u0179R\u00d3DE\u0141 INTERNETOWYCH<\/a><br><a href=\"https:\/\/wr.ans.pw.edu.pl\/wp-content\/uploads\/2026\/02\/Skorowidze.pdf\">SKOROWIDZE<\/a><br><a href=\"https:\/\/wr.ans.pw.edu.pl\/wp-content\/uploads\/2026\/02\/Skroty.pdf\">SKR\u00d3TY<\/a><br><a href=\"https:\/\/wr.ans.pw.edu.pl\/wp-content\/uploads\/2026\/02\/Aneks.-Globalne-zmiany-i-cywilizacyjne-procesy-Wielkiego-Resetu.pdf\">ANEKS. GLOBALNE ZMIANY I CYWILIZACYJNE PROCESY WIELKIEGO<br>RESETU<\/a><br><a href=\"https:\/\/wr.ans.pw.edu.pl\/wp-content\/uploads\/2026\/02\/Szczegolowy-wykaz-zagadnien.pdf\">SZCZEG\u00d3\u0141OWY WYKAZ ZAGADNIE\u0143<\/a><br><a href=\"https:\/\/wr.ans.pw.edu.pl\/wp-content\/uploads\/2026\/02\/Podziekowania.pdf\">PODZI\u0118KOWANIA<\/a><\/p>\n","protected":false},"excerpt":{"rendered":"<p>Obiekty Wielkiego Resetu i sk\u0142adniki funkcjonalne cywilizacji informacyjnej DO ADRESAT\u00d3WWST\u0118P ZAKO\u0143CZENIESPIS TRE\u015aCI SZCZEG\u00d3\u0141OWY WYKAZ ZAGADNIE\u0143 STRESZCZENIESUMMARYWYJA\u015aNIENIE POJ\u0118\u0106OSOBYINSTYTUCJEODNO\u015aNIKI DO \u0179R\u00d3DE\u0141 INTERNETOWYCHSKOROWIDZESKR\u00d3TYANEKS. GLOBALNE ZMIANY I CYWILIZACYJNE PROCESY WIELKIEGORESETUSZCZEG\u00d3\u0141OWY WYKAZ ZAGADNIE\u0143PODZI\u0118KOWANIA<\/p>\n","protected":false},"author":1,"featured_media":0,"parent":0,"menu_order":0,"comment_status":"closed","ping_status":"closed","template":"","meta":[],"_links":{"self":[{"href":"https:\/\/wr.ans.pw.edu.pl\/index.php?rest_route=\/wp\/v2\/pages\/1209"}],"collection":[{"href":"https:\/\/wr.ans.pw.edu.pl\/index.php?rest_route=\/wp\/v2\/pages"}],"about":[{"href":"https:\/\/wr.ans.pw.edu.pl\/index.php?rest_route=\/wp\/v2\/types\/page"}],"author":[{"embeddable":true,"href":"https:\/\/wr.ans.pw.edu.pl\/index.php?rest_route=\/wp\/v2\/users\/1"}],"replies":[{"embeddable":true,"href":"https:\/\/wr.ans.pw.edu.pl\/index.php?rest_route=%2Fwp%2Fv2%2Fcomments&post=1209"}],"version-history":[{"count":12,"href":"https:\/\/wr.ans.pw.edu.pl\/index.php?rest_route=\/wp\/v2\/pages\/1209\/revisions"}],"predecessor-version":[{"id":3075,"href":"https:\/\/wr.ans.pw.edu.pl\/index.php?rest_route=\/wp\/v2\/pages\/1209\/revisions\/3075"}],"wp:attachment":[{"href":"https:\/\/wr.ans.pw.edu.pl\/index.php?rest_route=%2Fwp%2Fv2%2Fmedia&parent=1209"}],"curies":[{"name":"wp","href":"https:\/\/api.w.org\/{rel}","templated":true}]}}