{"id":1206,"date":"2023-01-16T10:40:47","date_gmt":"2023-01-16T09:40:47","guid":{"rendered":"https:\/\/wr.ans.pw.edu.pl\/?page_id=1206"},"modified":"2024-04-18T16:53:42","modified_gmt":"2024-04-18T14:53:42","slug":"4-3-tom-iii","status":"publish","type":"page","link":"https:\/\/wr.ans.pw.edu.pl\/?page_id=1206","title":{"rendered":"4.3. Tom III"},"content":{"rendered":"\n<p><strong>Korelaty Wielkiego Resetu<br>i sk\u0142adniki regulacyjne<br>cywilizacji informacyjnej<\/strong><\/p>\n\n\n\n<p><a href=\"https:\/\/wr.ans.pw.edu.pl\/?page_id=2655\" data-type=\"page\" data-id=\"2655\">DO ADRESAT\u00d3W<\/a><br><a href=\"https:\/\/wr.ans.pw.edu.pl\/?page_id=2658\" data-type=\"page\" data-id=\"2658\">WST\u0118P<\/a> <\/p>\n\n\n\n<ol>\n<li><a href=\"https:\/\/wr.ans.pw.edu.pl\/?page_id=2661\" data-type=\"page\" data-id=\"2661\">KORELATY WIELKIEGO RESETU<\/a> <br><a href=\"https:\/\/wr.ans.pw.edu.pl\/?page_id=2704\" data-type=\"page\" data-id=\"2704\">1.1. Szok przysz\u0142o\u015bci<\/a> <br><a href=\"https:\/\/wr.ans.pw.edu.pl\/?page_id=2707\" data-type=\"page\" data-id=\"2707\">1.2. Koniec historii<\/a> <br><a href=\"https:\/\/wr.ans.pw.edu.pl\/?page_id=2710\" data-type=\"page\" data-id=\"2710\">1.3. Zderzenie cywilizacji<\/a> <br><a href=\"https:\/\/wr.ans.pw.edu.pl\/?page_id=2713\" data-type=\"page\" data-id=\"2713\">1.4. Cyfrowe \u017cycie<\/a> <br><a href=\"https:\/\/wr.ans.pw.edu.pl\/?page_id=2716\" data-type=\"page\" data-id=\"2716\">1.5. P\u0142aski \u015bwiat<\/a> <br><a href=\"https:\/\/wr.ans.pw.edu.pl\/?page_id=2719\" data-type=\"page\" data-id=\"2719\">1.6. Dyktatura relatywizmu <\/a><br><a href=\"https:\/\/wr.ans.pw.edu.pl\/?page_id=2722\" data-type=\"page\" data-id=\"2722\">1.7. Nowy wspania\u0142y \u015bwiat<\/a> <\/li>\n\n\n\n<li><a href=\"https:\/\/wr.ans.pw.edu.pl\/?page_id=2664\" data-type=\"page\" data-id=\"2664\">SK\u0141ADNIKI REGULACYJNE CYWILIZACJI INFORMACYJNEJ <\/a><br><a href=\"https:\/\/wr.ans.pw.edu.pl\/?page_id=2727\" data-type=\"page\" data-id=\"2727\">2.1. J\u0119zyk \u2013 system znakowej mobilizacji <\/a><br><a href=\"https:\/\/wr.ans.pw.edu.pl\/?page_id=2730\" data-type=\"page\" data-id=\"2730\">2.2. Tradycja \u2013 sprawdzona m\u0105dro\u015b\u0107 wiek\u00f3w <\/a><br><a href=\"https:\/\/wr.ans.pw.edu.pl\/?page_id=2733\" data-type=\"page\" data-id=\"2733\">2.3. Moralno\u015b\u0107 \u2013 afirmacja godziwo\u015bci czynu<\/a> <br><a href=\"https:\/\/wr.ans.pw.edu.pl\/?page_id=2736\" data-type=\"page\" data-id=\"2736\">2.4. Prawo \u2013 porz\u0105dek s\u0142uszno\u015bci i sprawiedliwo\u015bci<\/a> <br><a href=\"https:\/\/wr.ans.pw.edu.pl\/?page_id=2739\" data-type=\"page\" data-id=\"2739\">2.5. Religia \u2013 otwarcie na Transcendencj\u0119<\/a> <br><a href=\"https:\/\/wr.ans.pw.edu.pl\/?page_id=2742\" data-type=\"page\" data-id=\"2742\">2.6. Pedagogia \u2013 wychowanie do wolno\u015bci<\/a> <\/li>\n\n\n\n<li><a href=\"https:\/\/wr.ans.pw.edu.pl\/?page_id=2667\" data-type=\"page\" data-id=\"2667\">POLITYKA \u2013 WP\u0141YW NA BIEG SPRAW PUBLICZNYCH<\/a> <br><a href=\"https:\/\/wr.ans.pw.edu.pl\/?page_id=2745\" data-type=\"page\" data-id=\"2745\">3.1. Sens polityki<\/a> <br><a href=\"https:\/\/wr.ans.pw.edu.pl\/?page_id=2748\" data-type=\"page\" data-id=\"2748\">3.2. Koncepcje polityki<\/a> <br><a href=\"https:\/\/wr.ans.pw.edu.pl\/?page_id=2751\" data-type=\"page\" data-id=\"2751\">3.3. Uprawianie polityki<\/a> <br><a href=\"https:\/\/wr.ans.pw.edu.pl\/?page_id=2754\" data-type=\"page\" data-id=\"2754\">3.4. Istota polityki <\/a><br><a href=\"https:\/\/wr.ans.pw.edu.pl\/?page_id=2757\" data-type=\"page\" data-id=\"2757\">3.5. Dominacja polityki<\/a><br><a href=\"https:\/\/wr.ans.pw.edu.pl\/?page_id=2760\" data-type=\"page\" data-id=\"2760\">3.6. Polityka geograficzna<\/a> <br><a href=\"https:\/\/wr.ans.pw.edu.pl\/?page_id=2763\" data-type=\"page\" data-id=\"2763\">3.7. Polityka globalna<\/a><br><a href=\"https:\/\/wr.ans.pw.edu.pl\/?page_id=2766\" data-type=\"page\" data-id=\"2766\">3.8. Polityka cywilizacyjna<\/a> <br><a href=\"https:\/\/wr.ans.pw.edu.pl\/?page_id=2770\" data-type=\"page\" data-id=\"2770\">3.9. COVID-19 jako uzasadnienie Wielkiego Resetu<\/a> <br><a href=\"https:\/\/wr.ans.pw.edu.pl\/?page_id=2670\" data-type=\"page\" data-id=\"2670\">ZAKO\u0143CZENIE<\/a> <br><a href=\"https:\/\/wr.ans.pw.edu.pl\/?page_id=2673\" data-type=\"page\" data-id=\"2673\">BIBLIOGRAFIA<\/a><br>AKTY NORMATYWNE <br>DOKUMENTY <\/li>\n<\/ol>\n\n\n\n<p>SPIS TRE\u015aCI<\/p>\n\n\n\n<p><a href=\"https:\/\/wr.ans.pw.edu.pl\/?page_id=2775\" data-type=\"page\" data-id=\"2775\">SZCZEG\u00d3\u0141OWY WYKAZ ZAGADNIE\u0143<\/a><\/p>\n\n\n\n<p>STRESZCZENIE <br>SUMMARY <br><a href=\"https:\/\/wr.ans.pw.edu.pl\/?page_id=2675\" data-type=\"page\" data-id=\"2675\">S\u0141OWNIK PODSTAWOWYCH POJ\u0118\u0106<\/a><br><a href=\"https:\/\/wr.ans.pw.edu.pl\/?page_id=2696\" data-type=\"page\" data-id=\"2696\">OPIS NAJWA\u017bNIEJSZYCH OS\u00d3B CYTOWANYCH W PRACY <\/a><br><a href=\"https:\/\/wr.ans.pw.edu.pl\/?page_id=2693\" data-type=\"page\" data-id=\"2693\">OPIS NAJWA\u017bNIEJSZYCH INSTYTUCJI PRZYWO\u0141YWANYCH W PRACY<\/a> <br><a href=\"https:\/\/wr.ans.pw.edu.pl\/?page_id=2699\" data-type=\"page\" data-id=\"2699\">ODNO\u015aNIKI DO \u0179R\u00d3DE\u0141 INTERNETOWYCH<\/a> <br><a href=\"https:\/\/wr.ans.pw.edu.pl\/?page_id=2691\" data-type=\"page\" data-id=\"2691\">SKOROWIDZE<\/a> <br><a href=\"https:\/\/wr.ans.pw.edu.pl\/?page_id=2688\" data-type=\"page\" data-id=\"2688\">SKR\u00d3TY<\/a><br>PODZI\u0118KOWANIA <\/p>\n","protected":false},"excerpt":{"rendered":"<p>Korelaty Wielkiego Resetui sk\u0142adniki regulacyjnecywilizacji informacyjnej DO ADRESAT\u00d3WWST\u0118P SPIS TRE\u015aCI SZCZEG\u00d3\u0141OWY WYKAZ ZAGADNIE\u0143 STRESZCZENIE SUMMARY S\u0141OWNIK PODSTAWOWYCH POJ\u0118\u0106OPIS NAJWA\u017bNIEJSZYCH OS\u00d3B CYTOWANYCH W PRACY OPIS NAJWA\u017bNIEJSZYCH INSTYTUCJI PRZYWO\u0141YWANYCH W PRACY ODNO\u015aNIKI DO \u0179R\u00d3DE\u0141 INTERNETOWYCH SKOROWIDZE SKR\u00d3TYPODZI\u0118KOWANIA<\/p>\n","protected":false},"author":1,"featured_media":0,"parent":0,"menu_order":0,"comment_status":"closed","ping_status":"closed","template":"","meta":[],"_links":{"self":[{"href":"https:\/\/wr.ans.pw.edu.pl\/index.php?rest_route=\/wp\/v2\/pages\/1206"}],"collection":[{"href":"https:\/\/wr.ans.pw.edu.pl\/index.php?rest_route=\/wp\/v2\/pages"}],"about":[{"href":"https:\/\/wr.ans.pw.edu.pl\/index.php?rest_route=\/wp\/v2\/types\/page"}],"author":[{"embeddable":true,"href":"https:\/\/wr.ans.pw.edu.pl\/index.php?rest_route=\/wp\/v2\/users\/1"}],"replies":[{"embeddable":true,"href":"https:\/\/wr.ans.pw.edu.pl\/index.php?rest_route=%2Fwp%2Fv2%2Fcomments&post=1206"}],"version-history":[{"count":16,"href":"https:\/\/wr.ans.pw.edu.pl\/index.php?rest_route=\/wp\/v2\/pages\/1206\/revisions"}],"predecessor-version":[{"id":2780,"href":"https:\/\/wr.ans.pw.edu.pl\/index.php?rest_route=\/wp\/v2\/pages\/1206\/revisions\/2780"}],"wp:attachment":[{"href":"https:\/\/wr.ans.pw.edu.pl\/index.php?rest_route=%2Fwp%2Fv2%2Fmedia&parent=1206"}],"curies":[{"name":"wp","href":"https:\/\/api.w.org\/{rel}","templated":true}]}}